{"id":1008,"date":"2026-03-10T18:53:12","date_gmt":"2026-03-10T18:53:12","guid":{"rendered":"https:\/\/gefluegel-zagler.de\/?page_id=1008"},"modified":"2026-04-07T18:54:54","modified_gmt":"2026-04-07T18:54:54","slug":"leibwaechter","status":"publish","type":"page","link":"https:\/\/gefluegel-zagler.de\/?page_id=1008","title":{"rendered":"Leibw\u00e4chter"},"content":{"rendered":"\n[et_pb_section fb_built=&#8220;1&#8243; _builder_version=&#8220;4.27.5&#8243; _module_preset=&#8220;default&#8220; global_colors_info=&#8220;{}&#8220;][et_pb_row column_structure=&#8220;1_2,1_2&#8243; _builder_version=&#8220;4.27.5&#8243; _module_preset=&#8220;default&#8220; global_colors_info=&#8220;{}&#8220;][et_pb_column type=&#8220;1_2&#8243; _builder_version=&#8220;4.27.5&#8243; _module_preset=&#8220;default&#8220; global_colors_info=&#8220;{}&#8220;][et_pb_image src=&#8220;https:\/\/gefluegel-zagler.de\/wp-content\/uploads\/2026\/03\/Leibwaechter_CMYK.jpg&#8220; title_text=&#8220;Leibw\u00e4chter_CMYK&#8220; _builder_version=&#8220;4.27.5&#8243; _module_preset=&#8220;default&#8220; global_colors_info=&#8220;{}&#8220;][\/et_pb_image][\/et_pb_column][et_pb_column type=&#8220;1_2&#8243; _builder_version=&#8220;4.27.5&#8243; _module_preset=&#8220;default&#8220; global_colors_info=&#8220;{}&#8220;][et_pb_text _builder_version=&#8220;4.27.5&#8243; _module_preset=&#8220;default&#8220; global_colors_info=&#8220;{}&#8220;]<p style=\"text-align: center;\">Vereinbaren Sie jetzt einen kostenlosen und unverbindlichen Anprobetermin unter:<br \/><strong>0176\/81357037<\/strong> <br \/>Gerne kommen wir auch zu ihnen.<\/p>[\/et_pb_text][\/et_pb_column][\/et_pb_row][et_pb_row column_structure=&#8220;1_5,1_5,1_5,1_5,1_5&#8243; _builder_version=&#8220;4.27.5&#8243; _module_preset=&#8220;default&#8220; global_colors_info=&#8220;{}&#8220;][et_pb_column type=&#8220;1_5&#8243; _builder_version=&#8220;4.27.5&#8243; _module_preset=&#8220;default&#8220; global_colors_info=&#8220;{}&#8220;][et_pb_image src=&#8220;https:\/\/gefluegel-zagler.de\/wp-content\/uploads\/2026\/03\/FLEXH27-scaled.jpg&#8220; title_text=&#8220;FLEXH27&#8243; align=&#8220;center&#8220; force_fullwidth=&#8220;off&#8220; _builder_version=&#8220;4.27.5&#8243; _module_preset=&#8220;default&#8220; height=&#8220;164px&#8220; global_colors_info=&#8220;{}&#8220;][\/et_pb_image][et_pb_text _builder_version=&#8220;4.27.5&#8243; _module_preset=&#8220;default&#8220; global_colors_info=&#8220;{}&#8220;]<h3 style=\"text-align: center;\">Hosen<\/h3>[\/et_pb_text][\/et_pb_column][et_pb_column type=&#8220;1_5&#8243; _builder_version=&#8220;4.27.5&#8243; _module_preset=&#8220;default&#8220; global_colors_info=&#8220;{}&#8220;][et_pb_image src=&#8220;https:\/\/gefluegel-zagler.de\/wp-content\/uploads\/2026\/03\/FLEXU01-scaled.jpg&#8220; title_text=&#8220;FLEXU01&#8243; align=&#8220;center&#8220; force_fullwidth=&#8220;off&#8220; _builder_version=&#8220;4.27.5&#8243; _module_preset=&#8220;default&#8220; height=&#8220;164px&#8220; global_colors_info=&#8220;{}&#8220;][\/et_pb_image][et_pb_text _builder_version=&#8220;4.27.5&#8243; _module_preset=&#8220;default&#8220; global_colors_info=&#8220;{}&#8220;]<h2 style=\"text-align: center;\">Shirts<\/h2>[\/et_pb_text][\/et_pb_column][et_pb_column type=&#8220;1_5&#8243; _builder_version=&#8220;4.27.5&#8243; _module_preset=&#8220;default&#8220; global_colors_info=&#8220;{}&#8220;][et_pb_image src=&#8220;https:\/\/gefluegel-zagler.de\/wp-content\/uploads\/2026\/03\/FLEXQ00-scaled.jpg&#8220; title_text=&#8220;FLEXQ00&#8243; align=&#8220;center&#8220; force_fullwidth=&#8220;off&#8220; _builder_version=&#8220;4.27.5&#8243; _module_preset=&#8220;default&#8220; height=&#8220;173px&#8220; height_tablet=&#8220;173px&#8220; height_phone=&#8220;164px&#8220; height_last_edited=&#8220;on|tablet&#8220; global_colors_info=&#8220;{}&#8220;][\/et_pb_image][et_pb_text _builder_version=&#8220;4.27.5&#8243; _module_preset=&#8220;default&#8220; global_colors_info=&#8220;{}&#8220;]<h2 style=\"text-align: center;\">Pullover<\/h2>[\/et_pb_text][\/et_pb_column][et_pb_column type=&#8220;1_5&#8243; _builder_version=&#8220;4.27.5&#8243; _module_preset=&#8220;default&#8220; global_colors_info=&#8220;{}&#8220;][et_pb_image src=&#8220;https:\/\/gefluegel-zagler.de\/wp-content\/uploads\/2026\/03\/CAHYJ09-scaled.jpg&#8220; title_text=&#8220;CAHYJ09&#8243; align=&#8220;center&#8220; force_fullwidth=&#8220;off&#8220; _builder_version=&#8220;4.27.5&#8243; _module_preset=&#8220;default&#8220; height=&#8220;173px&#8220; global_colors_info=&#8220;{}&#8220;][\/et_pb_image][et_pb_text _builder_version=&#8220;4.27.5&#8243; _module_preset=&#8220;default&#8220; global_colors_info=&#8220;{}&#8220;]<h2 style=\"text-align: center;\">Jacken<\/h2>[\/et_pb_text][\/et_pb_column][et_pb_column type=&#8220;1_5&#8243; _builder_version=&#8220;4.27.5&#8243; _module_preset=&#8220;default&#8220; global_colors_info=&#8220;{}&#8220;][et_pb_image src=&#8220;https:\/\/gefluegel-zagler.de\/wp-content\/uploads\/2026\/03\/FLEXB25-scaled.jpg&#8220; title_text=&#8220;Stacked from 5 images. Method=C (S=4)&#8220; align=&#8220;center&#8220; force_fullwidth=&#8220;off&#8220; _builder_version=&#8220;4.27.5&#8243; _module_preset=&#8220;default&#8220; height=&#8220;182px&#8220; global_colors_info=&#8220;{}&#8220;][\/et_pb_image][et_pb_text _builder_version=&#8220;4.27.5&#8243; _module_preset=&#8220;default&#8220; global_colors_info=&#8220;{}&#8220;]<h2 style=\"text-align: center;\">Westen<\/h2>[\/et_pb_text][\/et_pb_column][\/et_pb_row][et_pb_row _builder_version=&#8220;4.27.5&#8243; _module_preset=&#8220;default&#8220; global_colors_info=&#8220;{}&#8220;][et_pb_column type=&#8220;4_4&#8243; _builder_version=&#8220;4.27.5&#8243; _module_preset=&#8220;default&#8220; global_colors_info=&#8220;{}&#8220;][et_pb_text _builder_version=&#8220;4.27.5&#8243; _module_preset=&#8220;default&#8220; global_colors_info=&#8220;{}&#8220;]<h2><strong>Accessoires<\/strong><\/h2>[\/et_pb_text][\/et_pb_column][\/et_pb_row][et_pb_row column_structure=&#8220;1_4,1_4,1_4,1_4&#8243; _builder_version=&#8220;4.27.5&#8243; _module_preset=&#8220;default&#8220; global_colors_info=&#8220;{}&#8220;][et_pb_column type=&#8220;1_4&#8243; _builder_version=&#8220;4.27.5&#8243; _module_preset=&#8220;default&#8220; global_colors_info=&#8220;{}&#8220;][et_pb_image src=&#8220;https:\/\/gefluegel-zagler.de\/wp-content\/uploads\/2026\/03\/LWCAP-scaled.jpg&#8220; title_text=&#8220;LWCAP&#8220; align=&#8220;center&#8220; force_fullwidth=&#8220;off&#8220; _builder_version=&#8220;4.27.5&#8243; _module_preset=&#8220;default&#8220; height=&#8220;151px&#8220; height_tablet=&#8220;182px&#8220; height_phone=&#8220;164px&#8220; height_last_edited=&#8220;on|phone&#8220; global_colors_info=&#8220;{}&#8220;][\/et_pb_image][et_pb_text _builder_version=&#8220;4.27.5&#8243; _module_preset=&#8220;default&#8220; global_colors_info=&#8220;{}&#8220;]<h3 style=\"text-align: center;\">M\u00fctzen &amp; Caps<\/h3>[\/et_pb_text][\/et_pb_column][et_pb_column type=&#8220;1_4&#8243; _builder_version=&#8220;4.27.5&#8243; _module_preset=&#8220;default&#8220; global_colors_info=&#8220;{}&#8220;][et_pb_image src=&#8220;https:\/\/gefluegel-zagler.de\/wp-content\/uploads\/2026\/03\/LWFSH3941-scaled.jpg&#8220; title_text=&#8220;LWFSH3941&#8243; align=&#8220;center&#8220; force_fullwidth=&#8220;off&#8220; _builder_version=&#8220;4.27.5&#8243; _module_preset=&#8220;default&#8220; height=&#8220;160px&#8220; height_tablet=&#8220;182px&#8220; height_phone=&#8220;169px&#8220; height_last_edited=&#8220;on|phone&#8220; global_colors_info=&#8220;{}&#8220;][\/et_pb_image][et_pb_text _builder_version=&#8220;4.27.5&#8243; _module_preset=&#8220;default&#8220; global_colors_info=&#8220;{}&#8220;]<h3 style=\"text-align: center;\">Socken<\/h3>[\/et_pb_text][\/et_pb_column][et_pb_column type=&#8220;1_4&#8243; _builder_version=&#8220;4.27.5&#8243; _module_preset=&#8220;default&#8220; global_colors_info=&#8220;{}&#8220;][et_pb_image src=&#8220;https:\/\/gefluegel-zagler.de\/wp-content\/uploads\/2026\/03\/LWG05-scaled.jpg&#8220; title_text=&#8220;Stacked from 14 images. Method=C (S=4)&#8220; align=&#8220;center&#8220; force_fullwidth=&#8220;off&#8220; _builder_version=&#8220;4.27.5&#8243; _module_preset=&#8220;default&#8220; height=&#8220;164px&#8220; height_tablet=&#8220;160px&#8220; height_phone=&#8220;156px&#8220; height_last_edited=&#8220;on|phone&#8220; global_colors_info=&#8220;{}&#8220;][\/et_pb_image][et_pb_text _builder_version=&#8220;4.27.5&#8243; _module_preset=&#8220;default&#8220; global_colors_info=&#8220;{}&#8220;]<h3 style=\"text-align: center;\">G\u00fcrtel<\/h3>[\/et_pb_text][\/et_pb_column][et_pb_column type=&#8220;1_4&#8243; _builder_version=&#8220;4.27.5&#8243; _module_preset=&#8220;default&#8220; global_colors_info=&#8220;{}&#8220;][et_pb_image src=&#8220;https:\/\/gefluegel-zagler.de\/wp-content\/uploads\/2026\/03\/LW293201-scaled.jpg&#8220; title_text=&#8220;Stacked from 12 images. Method=C (S=4)&#8220; align=&#8220;center&#8220; force_fullwidth=&#8220;off&#8220; _builder_version=&#8220;4.27.5&#8243; _module_preset=&#8220;default&#8220; height=&#8220;160px&#8220; height_tablet=&#8220;164px&#8220; height_phone=&#8220;200px&#8220; height_last_edited=&#8220;on|phone&#8220; global_colors_info=&#8220;{}&#8220;][\/et_pb_image][et_pb_text _builder_version=&#8220;4.27.5&#8243; _module_preset=&#8220;default&#8220; global_colors_info=&#8220;{}&#8220;]<h3 style=\"text-align: center;\">Werkzeug-&amp; G\u00fcrteltaschen<\/h3>[\/et_pb_text][\/et_pb_column][\/et_pb_row][et_pb_row _builder_version=&#8220;4.27.5&#8243; _module_preset=&#8220;default&#8220; global_colors_info=&#8220;{}&#8220;][et_pb_column type=&#8220;4_4&#8243; _builder_version=&#8220;4.27.5&#8243; _module_preset=&#8220;default&#8220; global_colors_info=&#8220;{}&#8220;][et_pb_text _builder_version=&#8220;4.27.5&#8243; _module_preset=&#8220;default&#8220; global_colors_info=&#8220;{}&#8220;]<h2><strong>Pers\u00f6nliche Schutzausr\u00fcstung<\/strong><\/h2>[\/et_pb_text][\/et_pb_column][\/et_pb_row][et_pb_row column_structure=&#8220;1_4,1_4,1_4,1_4&#8243; _builder_version=&#8220;4.27.5&#8243; _module_preset=&#8220;default&#8220; global_colors_info=&#8220;{}&#8220;][et_pb_column type=&#8220;1_4&#8243; _builder_version=&#8220;4.27.5&#8243; _module_preset=&#8220;default&#8220; global_colors_info=&#8220;{}&#8220;][et_pb_image src=&#8220;https:\/\/gefluegel-zagler.de\/wp-content\/uploads\/2026\/03\/HLW550-scaled.jpg&#8220; title_text=&#8220;HLW550&#8243; align=&#8220;center&#8220; force_fullwidth=&#8220;off&#8220; _builder_version=&#8220;4.27.5&#8243; _module_preset=&#8220;default&#8220; height=&#8220;124px&#8220; height_tablet=&#8220;355px&#8220; height_phone=&#8220;249px&#8220; height_last_edited=&#8220;on|phone&#8220; global_colors_info=&#8220;{}&#8220;][\/et_pb_image][et_pb_text _builder_version=&#8220;4.27.5&#8243; _module_preset=&#8220;default&#8220; global_colors_info=&#8220;{}&#8220;]<h3 style=\"text-align: center;\">Handschutz<\/h3>[\/et_pb_text][\/et_pb_column][et_pb_column type=&#8220;1_4&#8243; _builder_version=&#8220;4.27.5&#8243; _module_preset=&#8220;default&#8220; global_colors_info=&#8220;{}&#8220;][et_pb_image src=&#8220;https:\/\/gefluegel-zagler.de\/wp-content\/uploads\/2026\/03\/LWBG-scaled.jpg&#8220; title_text=&#8220;Stacked from 7 images. Method=C (S=5)&#8220; align=&#8220;center&#8220; force_fullwidth=&#8220;off&#8220; _builder_version=&#8220;4.27.5&#8243; _module_preset=&#8220;default&#8220; height=&#8220;129px&#8220; height_tablet=&#8220;360px&#8220; height_phone=&#8220;231px&#8220; height_last_edited=&#8220;on|phone&#8220; global_colors_info=&#8220;{}&#8220;][\/et_pb_image][et_pb_text _builder_version=&#8220;4.27.5&#8243; _module_preset=&#8220;default&#8220; global_colors_info=&#8220;{}&#8220;]<h3 style=\"text-align: center;\">Geh\u00f6rschutz<\/h3>[\/et_pb_text][\/et_pb_column][et_pb_column type=&#8220;1_4&#8243; _builder_version=&#8220;4.27.5&#8243; _module_preset=&#8220;default&#8220; global_colors_info=&#8220;{}&#8220;][et_pb_image src=&#8220;https:\/\/gefluegel-zagler.de\/wp-content\/uploads\/2026\/03\/LWSB2-scaled.jpg&#8220; title_text=&#8220;Stacked from 20 images. Method=C (S=5)&#8220; align=&#8220;center&#8220; force_fullwidth=&#8220;off&#8220; _builder_version=&#8220;4.27.5&#8243; _module_preset=&#8220;default&#8220; height_tablet=&#8220;&#8220; height_phone=&#8220;156px&#8220; height_last_edited=&#8220;on|desktop&#8220; global_colors_info=&#8220;{}&#8220;][\/et_pb_image][et_pb_text _builder_version=&#8220;4.27.5&#8243; _module_preset=&#8220;default&#8220; global_colors_info=&#8220;{}&#8220;]<h3 style=\"text-align: center;\">Augenschutz<\/h3>[\/et_pb_text][\/et_pb_column][et_pb_column type=&#8220;1_4&#8243; _builder_version=&#8220;4.27.5&#8243; _module_preset=&#8220;default&#8220; global_colors_info=&#8220;{}&#8220;][et_pb_image src=&#8220;https:\/\/gefluegel-zagler.de\/wp-content\/uploads\/2026\/03\/LWKSAB-scaled.jpg&#8220; title_text=&#8220;LWKSAB&#8220; align=&#8220;center&#8220; force_fullwidth=&#8220;off&#8220; _builder_version=&#8220;4.27.5&#8243; _module_preset=&#8220;default&#8220; height=&#8220;133px&#8220; height_tablet=&#8220;213px&#8220; height_phone=&#8220;258px&#8220; height_last_edited=&#8220;on|phone&#8220; global_colors_info=&#8220;{}&#8220;][\/et_pb_image][et_pb_text _builder_version=&#8220;4.27.5&#8243; _module_preset=&#8220;default&#8220; global_colors_info=&#8220;{}&#8220;]<h3 style=\"text-align: center;\">Knie-Pads<\/h3>[\/et_pb_text][\/et_pb_column][\/et_pb_row][\/et_pb_section]\n","protected":false},"excerpt":{"rendered":"<p>Vereinbaren Sie jetzt einen kostenlosen und unverbindlichen Anprobetermin unter:0176\/81357037 Gerne kommen wir auch zu ihnen.HosenShirtsPulloverJackenWestenAccessoiresM\u00fctzen &amp; CapsSockenG\u00fcrtelWerkzeug-&amp; G\u00fcrteltaschenPers\u00f6nliche Schutzausr\u00fcstungHandschutzGeh\u00f6rschutzAugenschutzKnie-Pads<\/p>\n","protected":false},"author":1,"featured_media":0,"parent":0,"menu_order":0,"comment_status":"closed","ping_status":"closed","template":"","meta":{"_et_pb_use_builder":"on","_et_pb_old_content":"","_et_gb_content_width":"","footnotes":""},"class_list":["post-1008","page","type-page","status-publish","hentry"],"_links":{"self":[{"href":"https:\/\/gefluegel-zagler.de\/index.php?rest_route=\/wp\/v2\/pages\/1008","targetHints":{"allow":["GET"]}}],"collection":[{"href":"https:\/\/gefluegel-zagler.de\/index.php?rest_route=\/wp\/v2\/pages"}],"about":[{"href":"https:\/\/gefluegel-zagler.de\/index.php?rest_route=\/wp\/v2\/types\/page"}],"author":[{"embeddable":true,"href":"https:\/\/gefluegel-zagler.de\/index.php?rest_route=\/wp\/v2\/users\/1"}],"replies":[{"embeddable":true,"href":"https:\/\/gefluegel-zagler.de\/index.php?rest_route=%2Fwp%2Fv2%2Fcomments&post=1008"}],"version-history":[{"count":15,"href":"https:\/\/gefluegel-zagler.de\/index.php?rest_route=\/wp\/v2\/pages\/1008\/revisions"}],"predecessor-version":[{"id":1098,"href":"https:\/\/gefluegel-zagler.de\/index.php?rest_route=\/wp\/v2\/pages\/1008\/revisions\/1098"}],"wp:attachment":[{"href":"https:\/\/gefluegel-zagler.de\/index.php?rest_route=%2Fwp%2Fv2%2Fmedia&parent=1008"}],"curies":[{"name":"wp","href":"https:\/\/api.w.org\/{rel}","templated":true}]}}