{"id":197,"date":"2020-01-26T19:17:50","date_gmt":"2020-01-26T19:17:50","guid":{"rendered":"http:\/\/gefluegel-zagler.de\/?page_id=197"},"modified":"2026-03-24T19:30:27","modified_gmt":"2026-03-24T19:30:27","slug":"startseite","status":"publish","type":"page","link":"https:\/\/gefluegel-zagler.de\/","title":{"rendered":"Start"},"content":{"rendered":"<p>[et_pb_section fb_built=&#8220;1&#8243; admin_label=&#8220;section&#8220; _builder_version=&#8220;4.16&#8243; global_colors_info=&#8220;{}&#8220;][et_pb_row admin_label=&#8220;row&#8220; _builder_version=&#8220;4.16&#8243; background_size=&#8220;initial&#8220; background_position=&#8220;top_left&#8220; background_repeat=&#8220;repeat&#8220; global_colors_info=&#8220;{}&#8220;][et_pb_column type=&#8220;4_4&#8243; _builder_version=&#8220;4.16&#8243; custom_padding=&#8220;|||&#8220; global_colors_info=&#8220;{}&#8220; custom_padding__hover=&#8220;|||&#8220;][et_pb_text admin_label=&#8220;Text&#8220; _builder_version=&#8220;4.27.4&#8243; background_size=&#8220;initial&#8220; background_position=&#8220;top_left&#8220; background_repeat=&#8220;repeat&#8220; custom_padding=&#8220;|||2px||&#8220; use_border_color=&#8220;off&#8220; border_color=&#8220;#ffffff&#8220; border_style=&#8220;solid&#8220; inline_fonts=&#8220;Open Sans&#8220; global_colors_info=&#8220;{}&#8220;]<\/p>\n<h2 style=\"text-align: center;\"><span style=\"font-size: xx-large;\"><strong>Herzlich Willkommen<\/strong><\/span><\/h2>\n<h2 style=\"text-align: center;\"><span style=\"font-size: xx-large;\"><strong>bei<\/strong><\/span><\/h2>\n<h2 style=\"text-align: center;\"><span style=\"font-size: xx-large;\"><strong>Gefl\u00fcgel und Futtermittel Zagler<\/strong><strong><\/strong><strong><\/strong><\/span><\/h2>\n<p><span style=\"color: #008000;\"><\/span><\/p>\n<p><span style=\"color: #008000;\"><\/span><\/p>\n<p>[\/et_pb_text][\/et_pb_column][\/et_pb_row][et_pb_row column_structure=&#8220;1_2,1_2&#8243; _builder_version=&#8220;4.27.4&#8243; _module_preset=&#8220;default&#8220; global_colors_info=&#8220;{}&#8220;][et_pb_column type=&#8220;1_2&#8243; _builder_version=&#8220;4.27.4&#8243; _module_preset=&#8220;default&#8220; global_colors_info=&#8220;{}&#8220;][et_pb_image src=&#8220;https:\/\/gefluegel-zagler.de\/wp-content\/uploads\/2026\/02\/Heidi-1.jpeg&#8220; title_text=&#8220;Heidi 1&#8243; _builder_version=&#8220;4.27.5&#8243; _module_preset=&#8220;default&#8220; global_colors_info=&#8220;{}&#8220;][\/et_pb_image][\/et_pb_column][et_pb_column type=&#8220;1_2&#8243; _builder_version=&#8220;4.27.4&#8243; _module_preset=&#8220;default&#8220; global_colors_info=&#8220;{}&#8220;][et_pb_image src=&#8220;https:\/\/gefluegel-zagler.de\/wp-content\/uploads\/2026\/02\/Lavendel-1.jpeg&#8220; title_text=&#8220;Lavendel 1&#8243; _builder_version=&#8220;4.27.5&#8243; _module_preset=&#8220;default&#8220; global_colors_info=&#8220;{}&#8220;][\/et_pb_image][\/et_pb_column][\/et_pb_row][et_pb_row _builder_version=&#8220;4.27.5&#8243; _module_preset=&#8220;default&#8220; global_colors_info=&#8220;{}&#8220;][et_pb_column type=&#8220;4_4&#8243; _builder_version=&#8220;4.27.5&#8243; _module_preset=&#8220;default&#8220; global_colors_info=&#8220;{}&#8220;][et_pb_text _builder_version=&#8220;4.27.5&#8243; _module_preset=&#8220;default&#8220; hover_enabled=&#8220;0&#8243; global_colors_info=&#8220;{}&#8220; sticky_enabled=&#8220;0&#8243;]<\/p>\n<h3 style=\"text-align: center;\">Heidi und Lavendelleger auf Vorbestellung am 11.April erh\u00e4ltlich.<\/h3>\n<p>[\/et_pb_text][\/et_pb_column][\/et_pb_row][et_pb_row _builder_version=&#8220;4.27.4&#8243; _module_preset=&#8220;default&#8220; global_colors_info=&#8220;{}&#8220;][et_pb_column type=&#8220;4_4&#8243; _builder_version=&#8220;4.27.4&#8243; _module_preset=&#8220;default&#8220; global_colors_info=&#8220;{}&#8220;][et_pb_text admin_label=&#8220;Text&#8220; _builder_version=&#8220;4.27.4&#8243; background_size=&#8220;initial&#8220; background_position=&#8220;top_left&#8220; background_repeat=&#8220;repeat&#8220; custom_padding=&#8220;|||2px||&#8220; use_border_color=&#8220;off&#8220; border_color=&#8220;#ffffff&#8220; border_style=&#8220;solid&#8220; inline_fonts=&#8220;Open Sans&#8220; global_colors_info=&#8220;{}&#8220;]<\/p>\n<h2 style=\"text-align: center;\"><strong><span style=\"color: #000000;\">28.M\u00e4rz 2026<\/span><\/strong><\/h2>\n<p style=\"text-align: center;\"><span style=\"color: #e02b20;\"><strong>(f\u00fcr diesen Termin sind unsere Kapazit\u00e4ten leider erreicht)<\/strong><\/span><\/p>\n<h2 style=\"text-align: center;\">\u00a0<strong>11.April 2026<\/strong><\/h2>\n<p><strong><\/strong><\/p>\n<h2 style=\"text-align: center;\"><strong>25.April 2026<span style=\"color: #20bf45; font-family: Open Sans;\"><\/span><\/strong><\/h2>\n<p><strong><\/strong><\/p>\n<h3 style=\"text-align: center;\"><strong>weitere folgen&#8230;<\/strong><\/h3>\n<p><strong><\/strong><\/p>\n<h2 style=\"text-align: center;\"><strong><\/strong><\/h2>\n<h2 style=\"text-align: center;\"><strong><\/strong><\/h2>\n<p><strong><\/strong><\/p>\n<h3 style=\"text-align: center;\">9:00Uhr bis 12:00Uhr<strong><span style=\"color: #20bf45; font-family: Open Sans;\"><\/span><\/strong><strong><span style=\"color: #20bf45; font-family: Open Sans;\"><span style=\"color: #84163b;\"><\/span><\/span><\/strong><\/h3>\n<p><strong><span style=\"color: #20bf45; font-family: Open Sans;\"><\/span><\/strong><\/p>\n<p><strong><\/strong><strong><\/strong><\/p>\n<h3 style=\"text-align: center;\"><span style=\"color: #82121f;\">Wir bitten um<\/span> <span style=\"color: #82121f;\">Reservierungen bis\u00a0 Mittwoch zuvor 15<\/span><span style=\"color: #82121f;\">:00 Uhr.<\/span><span style=\"text-decoration: underline;\"><span style=\"color: #e52600; text-decoration: underline;\"><\/span><\/span><strong><\/strong><strong><\/strong><strong><\/strong><\/h3>\n<p><strong><\/strong><\/p>\n<p><strong><\/strong><\/p>\n<p><strong><\/strong><\/p>\n<p><strong><\/strong><\/p>\n<h3 style=\"text-align: center;\"><span style=\"color: #369b1a;\"><strong>\u00a0Futter kann wie gewohnt Paletten weise<br \/>(30 Sack pro Palette) bestellt werden.<\/strong><\/span><\/h3>\n<h3 style=\"text-align: center;\"><span style=\"color: #1ba334;\"><strong>Zuviel f\u00fcr Sie alleine?<\/strong><\/span><\/h3>\n<h3 style=\"text-align: center;\"><span style=\"color: #1ba334;\"><br \/><span style=\"color: #000000;\">Sammelbestellung mit Freunden bringt bessere Preise.<\/span><\/span><\/h3>\n<p><span style=\"color: #008000;\"><\/span><\/p>\n<p>[\/et_pb_text][et_pb_image src=&#8220;https:\/\/gefluegel-zagler.de\/wp-content\/uploads\/2024\/02\/Max1.jpg&#8220; title_text=&#8220;Max1&#8243; align_tablet=&#8220;center&#8220; align_phone=&#8220;center&#8220; align_last_edited=&#8220;on|desktop&#8220; admin_label=&#8220;Bild&#8220; _builder_version=&#8220;4.19.4&#8243; animation_style=&#8220;slide&#8220; animation_direction=&#8220;left&#8220; animation_duration=&#8220;500ms&#8220; animation_intensity_slide=&#8220;10%&#8220; use_border_color=&#8220;off&#8220; border_color=&#8220;#ffffff&#8220; border_style=&#8220;solid&#8220; animation=&#8220;left&#8220; sticky=&#8220;off&#8220; always_center_on_mobile=&#8220;on&#8220; global_colors_info=&#8220;{}&#8220;] [\/et_pb_image][et_pb_text admin_label=&#8220;Text&#8220; _builder_version=&#8220;4.16&#8243; background_size=&#8220;initial&#8220; background_position=&#8220;top_left&#8220; background_repeat=&#8220;repeat&#8220; use_border_color=&#8220;off&#8220; border_color=&#8220;#ffffff&#8220; border_style=&#8220;solid&#8220; global_colors_info=&#8220;{}&#8220;]<\/p>\n<h2 style=\"text-align: center;\"><span style=\"color: #000000;\">\u00a0<\/span><\/h2>\n<h1 style=\"text-align: center;\"><span style=\"color: #008000;\">Ihre Fam. Zagler<\/span><\/h1>\n<p>&nbsp;<\/p>\n<p>&nbsp;<\/p>\n<p>&nbsp;<\/p>\n<p>[\/et_pb_text][\/et_pb_column][\/et_pb_row][\/et_pb_section]<\/p>\n","protected":false},"excerpt":{"rendered":"<p>Herzlich Willkommen bei Gefl\u00fcgel und Futtermittel Zagler Heidi und Lavendelleger auf Vorbestellung am 11.April erh\u00e4ltlich.28.M\u00e4rz 2026 (f\u00fcr diesen Termin sind unsere Kapazit\u00e4ten leider erreicht) \u00a011.April 2026 25.April 2026 weitere folgen&#8230; 9:00Uhr bis 12:00Uhr Wir bitten um Reservierungen bis\u00a0 Mittwoch zuvor 15:00 Uhr. \u00a0Futter kann wie gewohnt Paletten weise(30 Sack pro Palette) bestellt werden. Zuviel f\u00fcr [&hellip;]<\/p>\n","protected":false},"author":1,"featured_media":0,"parent":0,"menu_order":0,"comment_status":"closed","ping_status":"closed","template":"","meta":{"_et_pb_use_builder":"on","_et_pb_old_content":"<h1 style=\"text-align: center;\">Herzlich Willkommen<\/h1><h1 style=\"text-align: center;\">bei<\/h1><h1 style=\"text-align: center;\">Gefl\u00fcgel Zagler<\/h1>","_et_gb_content_width":"","footnotes":""},"class_list":["post-197","page","type-page","status-publish","hentry"],"_links":{"self":[{"href":"https:\/\/gefluegel-zagler.de\/index.php?rest_route=\/wp\/v2\/pages\/197","targetHints":{"allow":["GET"]}}],"collection":[{"href":"https:\/\/gefluegel-zagler.de\/index.php?rest_route=\/wp\/v2\/pages"}],"about":[{"href":"https:\/\/gefluegel-zagler.de\/index.php?rest_route=\/wp\/v2\/types\/page"}],"author":[{"embeddable":true,"href":"https:\/\/gefluegel-zagler.de\/index.php?rest_route=\/wp\/v2\/users\/1"}],"replies":[{"embeddable":true,"href":"https:\/\/gefluegel-zagler.de\/index.php?rest_route=%2Fwp%2Fv2%2Fcomments&post=197"}],"version-history":[{"count":95,"href":"https:\/\/gefluegel-zagler.de\/index.php?rest_route=\/wp\/v2\/pages\/197\/revisions"}],"predecessor-version":[{"id":1083,"href":"https:\/\/gefluegel-zagler.de\/index.php?rest_route=\/wp\/v2\/pages\/197\/revisions\/1083"}],"wp:attachment":[{"href":"https:\/\/gefluegel-zagler.de\/index.php?rest_route=%2Fwp%2Fv2%2Fmedia&parent=197"}],"curies":[{"name":"wp","href":"https:\/\/api.w.org\/{rel}","templated":true}]}}