{"id":228,"date":"2020-05-23T16:08:40","date_gmt":"2020-05-23T16:08:40","guid":{"rendered":"http:\/\/gefluegel-zagler.de\/?page_id=228"},"modified":"2025-02-26T14:32:59","modified_gmt":"2025-02-26T14:32:59","slug":"kontakt","status":"publish","type":"page","link":"https:\/\/gefluegel-zagler.de\/?page_id=228","title":{"rendered":"Kontakt"},"content":{"rendered":"<p>[et_pb_section fb_built=&#8220;1&#8243; admin_label=&#8220;section&#8220; _builder_version=&#8220;4.16&#8243; global_colors_info=&#8220;{}&#8220;][et_pb_row admin_label=&#8220;row&#8220; _builder_version=&#8220;4.16&#8243; background_size=&#8220;initial&#8220; background_position=&#8220;top_left&#8220; background_repeat=&#8220;repeat&#8220; global_colors_info=&#8220;{}&#8220;][et_pb_column type=&#8220;4_4&#8243; _builder_version=&#8220;4.16&#8243; custom_padding=&#8220;|||&#8220; global_colors_info=&#8220;{}&#8220; custom_padding__hover=&#8220;|||&#8220;][et_pb_blurb image_icon_width=&#8220;none&#8220; admin_label=&#8220;Informationstext&#8220; _builder_version=&#8220;4.16&#8243; background_size=&#8220;initial&#8220; background_position=&#8220;top_left&#8220; background_repeat=&#8220;repeat&#8220; use_border_color=&#8220;off&#8220; border_color=&#8220;#ffffff&#8220; border_style=&#8220;solid&#8220; image_max_width=&#8220;none&#8220; use_circle=&#8220;off&#8220; use_circle_border=&#8220;off&#8220; circle_border_color=&#8220;#006600&#8243; circle_color=&#8220;#006600&#8243; global_colors_info=&#8220;{}&#8220;]<\/p>\n<h1 style=\"text-align: left;\">Kontakt<\/h1>\n<p>&nbsp;<\/p>\n<h2 style=\"text-align: center;\">Gefl\u00fcgel &amp; Futtermittel Zagler<\/h2>\n<p>&nbsp;<\/p>\n<h3 style=\"text-align: center;\">Tel.: 0176\/81357037<\/h3>\n<p>&nbsp;<\/p>\n<p><span style=\"font-size: large;\"><strong>Telefonzeiten:<\/strong><\/span><br \/><span style=\"font-size: large;\">Mo und Di von 14:00 Uhr-20:00Uhr<\/span><br \/><span style=\"font-size: large;\">Mi und Do von 8:00 Uhr -20:00Uhr<\/span><br \/><span style=\"font-size: large;\">Fr 8:00 Uhr -18:00Uhr<\/span><br \/><span style=\"font-size: large;\">Sa 8:00 Uhr -12:00Uhr (Au\u00dferhalb unserer Verkaufstage)<br \/>Sonn-und Feiertag Geschlossen<\/span><\/p>\n<h4><span style=\"font-size: medium;\">Sollten wir nicht ans Telefon gehen k\u00f6nnen rufen wir gerne zurr\u00fcck.<\/span><\/h4>\n<p>&nbsp;<\/p>\n<h2 style=\"text-align: center;\">e-mail: info@gefluegel-zagler.de<\/h2>\n<p>&nbsp;<\/p>\n<h3 style=\"text-align: center;\"><span style=\"color: #008000;\">\u00a0<\/span><\/h3>\n<p>&nbsp;<\/p>\n<p>[\/et_pb_blurb][\/et_pb_column][\/et_pb_row][\/et_pb_section]<\/p>\n","protected":false},"excerpt":{"rendered":"<p>Kontakt &nbsp; Gefl\u00fcgel &amp; Futtermittel Zagler &nbsp; Tel.: 0176\/81357037 &nbsp; Telefonzeiten:Mo und Di von 14:00 Uhr-20:00UhrMi und Do von 8:00 Uhr -20:00UhrFr 8:00 Uhr -18:00UhrSa 8:00 Uhr -12:00Uhr (Au\u00dferhalb unserer Verkaufstage)Sonn-und Feiertag Geschlossen Sollten wir nicht ans Telefon gehen k\u00f6nnen rufen wir gerne zurr\u00fcck. &nbsp; e-mail: info@gefluegel-zagler.de &nbsp; \u00a0 &nbsp;<\/p>\n","protected":false},"author":1,"featured_media":0,"parent":0,"menu_order":0,"comment_status":"closed","ping_status":"closed","template":"","meta":{"_et_pb_use_builder":"on","_et_pb_old_content":"<p>[et_pb_section admin_label=\"section\"][et_pb_row admin_label=\"row\"][et_pb_column type=\"4_4\"][et_pb_blurb admin_label=\"Informationstext\" url_new_window=\"off\" use_icon=\"off\" icon_color=\"#006600\" use_circle=\"off\" circle_color=\"#006600\" use_circle_border=\"off\" circle_border_color=\"#006600\" icon_placement=\"top\" animation=\"top\" background_layout=\"light\" text_orientation=\"left\" use_icon_font_size=\"off\" use_border_color=\"off\" border_color=\"#ffffff\" border_style=\"solid\"] [\/et_pb_blurb][\/et_pb_column][\/et_pb_row][\/et_pb_section]<\/p>","_et_gb_content_width":"","footnotes":""},"class_list":["post-228","page","type-page","status-publish","hentry"],"_links":{"self":[{"href":"https:\/\/gefluegel-zagler.de\/index.php?rest_route=\/wp\/v2\/pages\/228","targetHints":{"allow":["GET"]}}],"collection":[{"href":"https:\/\/gefluegel-zagler.de\/index.php?rest_route=\/wp\/v2\/pages"}],"about":[{"href":"https:\/\/gefluegel-zagler.de\/index.php?rest_route=\/wp\/v2\/types\/page"}],"author":[{"embeddable":true,"href":"https:\/\/gefluegel-zagler.de\/index.php?rest_route=\/wp\/v2\/users\/1"}],"replies":[{"embeddable":true,"href":"https:\/\/gefluegel-zagler.de\/index.php?rest_route=%2Fwp%2Fv2%2Fcomments&post=228"}],"version-history":[{"count":14,"href":"https:\/\/gefluegel-zagler.de\/index.php?rest_route=\/wp\/v2\/pages\/228\/revisions"}],"predecessor-version":[{"id":908,"href":"https:\/\/gefluegel-zagler.de\/index.php?rest_route=\/wp\/v2\/pages\/228\/revisions\/908"}],"wp:attachment":[{"href":"https:\/\/gefluegel-zagler.de\/index.php?rest_route=%2Fwp%2Fv2%2Fmedia&parent=228"}],"curies":[{"name":"wp","href":"https:\/\/api.w.org\/{rel}","templated":true}]}}