{"id":250,"date":"2020-08-04T16:13:50","date_gmt":"2020-08-04T16:13:50","guid":{"rendered":"http:\/\/gefluegel-zagler.de\/?page_id=250"},"modified":"2026-04-15T20:04:59","modified_gmt":"2026-04-15T20:04:59","slug":"impfungen","status":"publish","type":"page","link":"https:\/\/gefluegel-zagler.de\/?page_id=250","title":{"rendered":"Impftermin"},"content":{"rendered":"<p>[et_pb_section fb_built=&#8220;1&#8243; admin_label=&#8220;section&#8220; _builder_version=&#8220;4.16&#8243; global_colors_info=&#8220;{}&#8220;][et_pb_row admin_label=&#8220;row&#8220; _builder_version=&#8220;4.16&#8243; background_size=&#8220;initial&#8220; background_position=&#8220;top_left&#8220; background_repeat=&#8220;repeat&#8220; global_colors_info=&#8220;{}&#8220;][et_pb_column type=&#8220;4_4&#8243; _builder_version=&#8220;4.16&#8243; custom_padding=&#8220;|||&#8220; global_colors_info=&#8220;{}&#8220; custom_padding__hover=&#8220;|||&#8220;][et_pb_text admin_label=&#8220;Text&#8220; _builder_version=&#8220;4.16&#8243; background_size=&#8220;initial&#8220; background_position=&#8220;top_left&#8220; background_repeat=&#8220;repeat&#8220; use_border_color=&#8220;off&#8220; border_color=&#8220;#ffffff&#8220; border_style=&#8220;solid&#8220; global_colors_info=&#8220;{}&#8220;]<\/p>\n<h2 style=\"text-align: center;\"><strong>Impfstoff Abgabe Termin<\/strong><\/h2>\n<h2 style=\"text-align: center;\"><strong>Newcastle ND Atypische Gefl\u00fcgelpest<\/strong><\/h2>\n<p style=\"text-align: center;\"><strong>\u00a0<\/strong><span style=\"color: #ff0000;\"><strong><u><\/u><\/strong><\/span><\/p>\n<p style=\"text-align: center;\"><span style=\"color: #e02b20;\"><strong>!!Neu!!<\/strong><\/span><\/p>\n<p><span style=\"color: #ff0000;\"><strong><u><\/u><\/strong><\/span><\/p>\n<p style=\"text-align: center;\">N\u00e4chster Termin:<\/p>\n<h1 style=\"text-align: center;\"><span style=\"color: #149323;\">10. Juni 2026<\/span><\/h1>\n<p><span style=\"color: #149323;\"><\/span><\/p>\n<p style=\"text-align: center;\">Von 12:00 Uhr bis 14:00 Uhr<\/p>\n<p style=\"text-align: center;\">Trinkwasser Impfung<\/p>\n<p style=\"text-align: center;\">Bitte die Tiere <u>nicht<\/u> mitbringen!<\/p>\n<ol>\n<li>Lassen sie die Tiere 2 Std. vor der Impfung dursten<\/li>\n<li>Reinigen Sie die Tr\u00e4nken gr\u00fcndlich<\/li>\n<li>Impfstoff abholen. (Impfstoff muss sofort angewendet werden!)\u00a0 \u00a0 \u00a0 \u00a0<span style=\"color: #ff0000;\"><\/span><\/li>\n<li>R\u00fchren Sie den Impfstoff in die Menge Wasser ein,<br \/>die ihre Tiere in ca. 2 Std. verbrauchen<br \/>(abh\u00e4ngig von der Anzahl der Tiere\u00a0 und den Wetterverh\u00e4ltnissen)<\/li>\n<li>Vergewissern Sie sich, dass alle Tiere den Impfstoff aufgenommen haben.<\/li>\n<li>Nach 2 Std. die Tr\u00e4nke reinigen, desinfizieren und die normale Trinkwasser<br \/>Versorgung wiederherstellen.<\/li>\n<li>Wiederholen sie die Impfung nach den Gesetzlichen vorgaben<br \/>(gem\u00e4\u00df der gesetzlichen Impfpflicht)<\/li>\n<\/ol>\n<p>&nbsp;<\/p>\n<h6 style=\"text-align: center;\">Es d\u00fcrfen nur gesunde Tiere Geimpft werden. Jeder ist f\u00fcr die Impfung seiner Tiere selbst verantwortlich. F\u00fcr evtl. Impfsch\u00e4den \u00fcbernehmen wir keinerlei Haftung.<\/h6>\n<p>&nbsp;<\/p>\n<p>[\/et_pb_text][\/et_pb_column][\/et_pb_row][\/et_pb_section]<\/p>\n","protected":false},"excerpt":{"rendered":"<p>Impfstoff Abgabe Termin Newcastle ND Atypische Gefl\u00fcgelpest \u00a0 !!Neu!! N\u00e4chster Termin: 10. Juni 2026 Von 12:00 Uhr bis 14:00 Uhr Trinkwasser Impfung Bitte die Tiere nicht mitbringen! Lassen sie die Tiere 2 Std. vor der Impfung dursten Reinigen Sie die Tr\u00e4nken gr\u00fcndlich Impfstoff abholen. (Impfstoff muss sofort angewendet werden!)\u00a0 \u00a0 \u00a0 \u00a0 R\u00fchren Sie den [&hellip;]<\/p>\n","protected":false},"author":1,"featured_media":0,"parent":0,"menu_order":0,"comment_status":"closed","ping_status":"closed","template":"","meta":{"_et_pb_use_builder":"on","_et_pb_old_content":"","_et_gb_content_width":"","footnotes":""},"class_list":["post-250","page","type-page","status-publish","hentry"],"_links":{"self":[{"href":"https:\/\/gefluegel-zagler.de\/index.php?rest_route=\/wp\/v2\/pages\/250","targetHints":{"allow":["GET"]}}],"collection":[{"href":"https:\/\/gefluegel-zagler.de\/index.php?rest_route=\/wp\/v2\/pages"}],"about":[{"href":"https:\/\/gefluegel-zagler.de\/index.php?rest_route=\/wp\/v2\/types\/page"}],"author":[{"embeddable":true,"href":"https:\/\/gefluegel-zagler.de\/index.php?rest_route=\/wp\/v2\/users\/1"}],"replies":[{"embeddable":true,"href":"https:\/\/gefluegel-zagler.de\/index.php?rest_route=%2Fwp%2Fv2%2Fcomments&post=250"}],"version-history":[{"count":35,"href":"https:\/\/gefluegel-zagler.de\/index.php?rest_route=\/wp\/v2\/pages\/250\/revisions"}],"predecessor-version":[{"id":1142,"href":"https:\/\/gefluegel-zagler.de\/index.php?rest_route=\/wp\/v2\/pages\/250\/revisions\/1142"}],"wp:attachment":[{"href":"https:\/\/gefluegel-zagler.de\/index.php?rest_route=%2Fwp%2Fv2%2Fmedia&parent=250"}],"curies":[{"name":"wp","href":"https:\/\/api.w.org\/{rel}","templated":true}]}}