{"id":519,"date":"2023-04-23T12:14:54","date_gmt":"2023-04-23T12:14:54","guid":{"rendered":"https:\/\/gefluegel-zagler.de\/?page_id=519"},"modified":"2023-04-23T13:03:29","modified_gmt":"2023-04-23T13:03:29","slug":"pferdefutter","status":"publish","type":"page","link":"https:\/\/gefluegel-zagler.de\/?page_id=519","title":{"rendered":"Pferdefutter"},"content":{"rendered":"<p>[et_pb_section fb_built=&#8220;1&#8243; _builder_version=&#8220;4.19.4&#8243; _module_preset=&#8220;default&#8220; global_colors_info=&#8220;{}&#8220;][et_pb_row _builder_version=&#8220;4.19.4&#8243; _module_preset=&#8220;default&#8220; global_colors_info=&#8220;{}&#8220;][et_pb_column type=&#8220;4_4&#8243; _builder_version=&#8220;4.19.4&#8243; _module_preset=&#8220;default&#8220; global_colors_info=&#8220;{}&#8220;][et_pb_text _builder_version=&#8220;4.19.4&#8243; _module_preset=&#8220;default&#8220; global_colors_info=&#8220;{}&#8220;]<\/p>\n<h1>Pferdefutter<\/h1>\n<p>[\/et_pb_text][et_pb_text _builder_version=&#8220;4.19.4&#8243; _module_preset=&#8220;default&#8220; global_colors_info=&#8220;{}&#8220;]<\/p>\n<p>Alle Produkte der Firma Mifuma auf Anfrage erh\u00e4ltlich.<br \/>Bei Paletten Abnahme Lieferung Frei Haus in unserem Liefergebiet nach Absprache m\u00f6glich.<\/p>\n<p>[\/et_pb_text][\/et_pb_column][\/et_pb_row][et_pb_row column_structure=&#8220;1_2,1_2&#8243; _builder_version=&#8220;4.19.4&#8243; _module_preset=&#8220;default&#8220; global_colors_info=&#8220;{}&#8220;][et_pb_column type=&#8220;1_2&#8243; _builder_version=&#8220;4.19.4&#8243; _module_preset=&#8220;default&#8220; global_colors_info=&#8220;{}&#8220;][et_pb_image src=&#8220;https:\/\/gefluegel-zagler.de\/wp-content\/uploads\/2023\/04\/mifuma-pferdefutter-all-inclusive-scaled.jpg&#8220; title_text=&#8220;mifuma-pferdefutter-all-inclusive&#8220; _builder_version=&#8220;4.19.4&#8243; _module_preset=&#8220;default&#8220; global_colors_info=&#8220;{}&#8220;][\/et_pb_image][et_pb_text _builder_version=&#8220;4.19.4&#8243; _module_preset=&#8220;default&#8220; global_colors_info=&#8220;{}&#8220;]<\/p>\n<p><strong>ALL INCLUSIVE<\/strong><\/p>\n<p>Mifuma All Inclusive eignet sich hervorragend als alleiniges Krippenfutter oder als Erg\u00e4nzung zu Hafer. Das klassische und preisg\u00fcnstige M\u00fcsli ist mit allen wichtigen Vitaminen, Mineralien und N\u00e4hrstoffen ausgestattet. Die aufgeschlossenen Getreideflocken machen es zu einem hochverdaulichen, bek\u00f6mmlichen Futter.<\/p>\n<ul>\n<li>Ohne ganzen Hafer<\/li>\n<li>Mit wertvollen Pflanzen\u00f6len<\/li>\n<li>Hohe Schmackhaftigkeit<\/li>\n<\/ul>\n<p>F\u00dcTTERUNGSEMPFEHLUNG:<\/p>\n<p>F\u00fcttern Sie abh\u00e4ngig von Leistung und individuellem Bedarf neben ausreichend Raufutter 250 &#8211; 600 g je 100 kg K\u00f6rpergewicht t\u00e4glich.<\/p>\n<p>BEISPIELHAFTE ZUSAMMENSETZUNG:<\/p>\n<p>Gerste, Maisflocken, Gerstenflocken, Hafersch\u00e4lkleie, Weizenkleie, Luzernegr\u00fcnmehl, R\u00fcbenschnitzel, R\u00fcbenmelasse, Calciumcarbonat, Maiskleberfutter, Natriumchlorid, Pflanzen\u00f6l, Monocalciumphosphat<\/p>\n<p>VERPACKUNGSEINHEIT:<\/p>\n<p>20 kg Sack<\/p>\n<p>[\/et_pb_text][\/et_pb_column][et_pb_column type=&#8220;1_2&#8243; _builder_version=&#8220;4.19.4&#8243; _module_preset=&#8220;default&#8220; global_colors_info=&#8220;{}&#8220;][et_pb_image src=&#8220;https:\/\/gefluegel-zagler.de\/wp-content\/uploads\/2023\/04\/mifuma-pferdefutter-apfel-muesli-scaled.jpg&#8220; title_text=&#8220;mifuma-pferdefutter-apfel-muesli&#8220; _builder_version=&#8220;4.19.4&#8243; _module_preset=&#8220;default&#8220; global_colors_info=&#8220;{}&#8220;][\/et_pb_image][et_pb_text _builder_version=&#8220;4.19.4&#8243; _module_preset=&#8220;default&#8220; global_colors_info=&#8220;{}&#8220;]<\/p>\n<p><strong>APFEL-M\u00dcSLI<\/strong><\/p>\n<p>Mifuma Apfel-M\u00fcsli enth\u00e4lt wichtige Vitamine, Mineralien und N\u00e4hrstoffe. Aufgeschlossene Getreideflocken erh\u00f6hen die Verdaulichkeit und die Kombination von schnell und langsam verdaulichen Energielieferanten sorgt f\u00fcr eine optimale Kondition \u2013 das Temperament bleibt jedoch kontrollierbar. Mifuma Apfel-M\u00fcsli enth\u00e4lt Isomaltulose mit geringem glyk\u00e4mischem Index f\u00fcr einen konstanten Blutzuckerspiegel, so dass der Stoffwechsel stark entlastet wird. Biotin f\u00f6rdert Haut, Fell und gl\u00e4nzende Hufe.<\/p>\n<ul>\n<li>Ohne ganzen Hafer<\/li>\n<li>Eiwei\u00dfarm<\/li>\n<li>Verbesserter Vitamin- und Spurenelementkomplex<\/li>\n<li>Magnesium f\u00fcr starke Nerven<\/li>\n<\/ul>\n<p>F\u00dcTTERUNGSEMPFEHLUNG:<\/p>\n<p>F\u00fcttern Sie abh\u00e4ngig von Leistung und individuellem Bedarf neben ausreichend Raufutter 300 &#8211; 600 g je 100 kg K\u00f6rpergewicht t\u00e4glich.<\/p>\n<p>BEISPIELHAFTE ZUSAMMENSETZUNG:<\/p>\n<p>Gerstenflocken, Weizenkleie, Luzerne, Weizenfutter, Maisflocken, Rapsschrot, Mais, Isomaltulose, Dinkelspelzen, Ackerbohnenschalen, Maisschlempe, Gerste, Apfeltrester, Calciumcarbonat, Natriumbicarbonat, Magnesiumoxid<\/p>\n<p>VERPACKUNGSEINHEIT:<\/p>\n<p>20 kg Sack<\/p>\n<p>[\/et_pb_text][\/et_pb_column][\/et_pb_row][et_pb_row column_structure=&#8220;1_2,1_2&#8243; _builder_version=&#8220;4.19.4&#8243; _module_preset=&#8220;default&#8220; global_colors_info=&#8220;{}&#8220;][et_pb_column type=&#8220;1_2&#8243; _builder_version=&#8220;4.19.4&#8243; _module_preset=&#8220;default&#8220; global_colors_info=&#8220;{}&#8220;][et_pb_image src=&#8220;https:\/\/gefluegel-zagler.de\/wp-content\/uploads\/2023\/04\/mifuma-pferdefutter-muesli-getreidefrei-scaled.jpg&#8220; title_text=&#8220;mifuma-pferdefutter-muesli-getreidefrei&#8220; _builder_version=&#8220;4.19.4&#8243; _module_preset=&#8220;default&#8220; global_colors_info=&#8220;{}&#8220;][\/et_pb_image][et_pb_text _builder_version=&#8220;4.19.4&#8243; _module_preset=&#8220;default&#8220; global_colors_info=&#8220;{}&#8220;]<\/p>\n<p><strong>M\u00dcSLI GETREIDEFREI <\/strong><\/p>\n<p>Mifuma M\u00fcsli Getreidefrei bietet Ihrem Pferd eine ausgewogene Zusammensetzung aus Luzerne, Lieschgras (Timothygras), dem Besten der Leinsaat, Sojabohnen, Erbsen und Karottenflocken \u2013 ganz ohne Getreide. Somit eignet es sich ideal f\u00fcr Pferde mit Getreideunvertr\u00e4glichkeiten. Dar\u00fcber hinaus ist es frei von Melasse und bei St\u00f6rungen des Zuckerstoffwechsels hervorragend geeignet. Die inhaltlich verbesserte Kombination aus Luzerne, Erbsenflocken, aufbereiteten Sojabohnen und Leinsaat stellt Ihrem Pferd hochverwertbare Eiwei\u00dfbausteine zur Verf\u00fcgung. Das enthaltene Lein\u00f6l erh\u00f6ht den Energiegehalt. Als Strukturfutter ist es zur Aufwertung getreidereicher Rationen ohne \u00dcberh\u00f6hung des Kohlenhydratgehalts f\u00fcr alle Pferde geeignet. Dar\u00fcber hinaus ist es voll mineralisiert und vitaminisiert.<\/p>\n<ul>\n<li>Frei von Getreide und Melasse<\/li>\n<li>F\u00fcr allergische und stoffwechselgest\u00f6rte Pferde<\/li>\n<li>Mit organischen Spurenelementen<\/li>\n<\/ul>\n<p>F\u00dcTTERUNGSEMPFEHLUNG:<\/p>\n<p>F\u00fcttern Sie abh\u00e4ngig von Gewicht und Aktivit\u00e4t neben ausreichend Raufutter 400 &#8211; 700 g je 100 kg K\u00f6rpergewicht.<\/p>\n<p>BEISPIELHAFTE ZUSAMMENSETZUNG:<\/p>\n<p>Luzerne, Lieschgras, Leinsch\u00e4lkleie, dampferhitzte Sojabohnen, Lein\u00f6l, extrudierte Leinsaat, Erbsen-<\/p>\n<p>flocken, Monocalciumphosphat, Karottenflocken, Natriumchlorid<\/p>\n<p>VERPACKUNGSEINHEIT:<\/p>\n<p>20 kg Sack<\/p>\n<p>[\/et_pb_text][\/et_pb_column][et_pb_column type=&#8220;1_2&#8243; _builder_version=&#8220;4.19.4&#8243; _module_preset=&#8220;default&#8220; global_colors_info=&#8220;{}&#8220;][\/et_pb_column][\/et_pb_row][et_pb_row column_structure=&#8220;1_2,1_2&#8243; _builder_version=&#8220;4.19.4&#8243; _module_preset=&#8220;default&#8220; global_colors_info=&#8220;{}&#8220;][et_pb_column type=&#8220;1_2&#8243; _builder_version=&#8220;4.19.4&#8243; _module_preset=&#8220;default&#8220; global_colors_info=&#8220;{}&#8220;][et_pb_image src=&#8220;https:\/\/gefluegel-zagler.de\/wp-content\/uploads\/2023\/04\/mifuma-pferde-leckerli-apfel-karotte-b.jpg&#8220; title_text=&#8220;mifuma-pferde-leckerli-apfel-karotte-b&#8220; _builder_version=&#8220;4.19.4&#8243; _module_preset=&#8220;default&#8220; global_colors_info=&#8220;{}&#8220;][\/et_pb_image][et_pb_text _builder_version=&#8220;4.19.4&#8243; _module_preset=&#8220;default&#8220; global_colors_info=&#8220;{}&#8220;]<\/p>\n<p><strong>Apfel-Karotte-Leckerli<\/strong><\/p>\n<p>Mifuma Apfel-Karotte-Leckerli bieten mit Apfel- und Karottenst\u00fcckchen die Belohnung f\u00fcr Zwischendurch. Leber und Darm werden durch wertvolle Tonmineralien entlastet \u2013 der nat\u00fcrliche Stoffwechsel gef\u00f6rdert. Bierhefe sorgt f\u00fcr zus\u00e4tzliche N\u00e4hrstoffe, wie Vitamine und Spurenelemente. Auf Basis von Luzerne, Gerste und R\u00fcbenschnitzeln ist das Apfel-Karotte-Leckerli der artgerechte Snack f\u00fcr Ihr Pferd.<\/p>\n<p>F\u00fctterungsempfehlung:<\/p>\n<p>Verw\u00f6hnen und belohnen Sie Ihr Pferd nach Bedarf mit den Mifuma Leckerlis.<\/p>\n<p>VERPACKUNGSEINHEIT:<\/p>\n<p>1 kg Beutel (wiederverschlie\u00dfbar)<\/p>\n<p>[\/et_pb_text][\/et_pb_column][et_pb_column type=&#8220;1_2&#8243; _builder_version=&#8220;4.19.4&#8243; _module_preset=&#8220;default&#8220; global_colors_info=&#8220;{}&#8220;][et_pb_image src=&#8220;https:\/\/gefluegel-zagler.de\/wp-content\/uploads\/2023\/04\/mifuma-pferde-leckerli-kraeuter-B.jpg&#8220; title_text=&#8220;mifuma-pferde-leckerli-kraeuter-B&#8220; _builder_version=&#8220;4.19.4&#8243; _module_preset=&#8220;default&#8220; global_colors_info=&#8220;{}&#8220;][\/et_pb_image][et_pb_text _builder_version=&#8220;4.19.4&#8243; _module_preset=&#8220;default&#8220; global_colors_info=&#8220;{}&#8220;]<\/p>\n<p><strong>Kr\u00e4uter-Leckerli<\/strong><\/p>\n<p>Mifuma Kr\u00e4uter-Leckerli enthalten weder Zucker noch Getreide. Hochwertige Kr\u00e4uter wie Thymian und Spitzwegerich unterst\u00fctzen die Atemwege. Petersilie und Fenchel beruhigen das Verdauungssystem. Luzerne, Lein und Sonnenblume sorgen f\u00fcr wertvolle Fetts\u00e4uren und einen guten Gehalt an Aminos\u00e4uren. Mit den Mifuma Kr\u00e4uter-Leckerlis haben Sie stets eine ausgewogene Belohnung f\u00fcr Ihr Pferd in der Tasche.\u00a0<\/p>\n<p>F\u00fctterungsempfehlung:<\/p>\n<p>Verw\u00f6hnen und belohnen Sie Ihr Pferd nach Bedarf mit den Mifuma Leckerlis.<\/p>\n<p>VERPACKUNGSEINHEIT:<\/p>\n<p>1 kg Beutel (wiederverschlie\u00dfbar)<\/p>\n<p>[\/et_pb_text][\/et_pb_column][\/et_pb_row][et_pb_row _builder_version=&#8220;4.19.4&#8243; _module_preset=&#8220;default&#8220; global_colors_info=&#8220;{}&#8220;][et_pb_column type=&#8220;4_4&#8243; _builder_version=&#8220;4.19.4&#8243; _module_preset=&#8220;default&#8220; global_colors_info=&#8220;{}&#8220;][et_pb_text _builder_version=&#8220;4.19.4&#8243; _module_preset=&#8220;default&#8220; global_colors_info=&#8220;{}&#8220;]<\/p>\n<p style=\"text-align: center;\">Nur solange der Vorrat reicht.<\/p>\n<p>[\/et_pb_text][\/et_pb_column][\/et_pb_row][\/et_pb_section]<\/p>\n","protected":false},"excerpt":{"rendered":"<p>PferdefutterAlle Produkte der Firma Mifuma auf Anfrage erh\u00e4ltlich.Bei Paletten Abnahme Lieferung Frei Haus in unserem Liefergebiet nach Absprache m\u00f6glich.ALL INCLUSIVE Mifuma All Inclusive eignet sich hervorragend als alleiniges Krippenfutter oder als Erg\u00e4nzung zu Hafer. Das klassische und preisg\u00fcnstige M\u00fcsli ist mit allen wichtigen Vitaminen, Mineralien und N\u00e4hrstoffen ausgestattet. Die aufgeschlossenen Getreideflocken machen es zu einem [&hellip;]<\/p>\n","protected":false},"author":1,"featured_media":0,"parent":0,"menu_order":0,"comment_status":"closed","ping_status":"closed","template":"","meta":{"_et_pb_use_builder":"on","_et_pb_old_content":"","_et_gb_content_width":"","footnotes":""},"class_list":["post-519","page","type-page","status-publish","hentry"],"_links":{"self":[{"href":"https:\/\/gefluegel-zagler.de\/index.php?rest_route=\/wp\/v2\/pages\/519","targetHints":{"allow":["GET"]}}],"collection":[{"href":"https:\/\/gefluegel-zagler.de\/index.php?rest_route=\/wp\/v2\/pages"}],"about":[{"href":"https:\/\/gefluegel-zagler.de\/index.php?rest_route=\/wp\/v2\/types\/page"}],"author":[{"embeddable":true,"href":"https:\/\/gefluegel-zagler.de\/index.php?rest_route=\/wp\/v2\/users\/1"}],"replies":[{"embeddable":true,"href":"https:\/\/gefluegel-zagler.de\/index.php?rest_route=%2Fwp%2Fv2%2Fcomments&post=519"}],"version-history":[{"count":4,"href":"https:\/\/gefluegel-zagler.de\/index.php?rest_route=\/wp\/v2\/pages\/519\/revisions"}],"predecessor-version":[{"id":552,"href":"https:\/\/gefluegel-zagler.de\/index.php?rest_route=\/wp\/v2\/pages\/519\/revisions\/552"}],"wp:attachment":[{"href":"https:\/\/gefluegel-zagler.de\/index.php?rest_route=%2Fwp%2Fv2%2Fmedia&parent=519"}],"curies":[{"name":"wp","href":"https:\/\/api.w.org\/{rel}","templated":true}]}}