{"id":529,"date":"2023-04-23T12:28:58","date_gmt":"2023-04-23T12:28:58","guid":{"rendered":"https:\/\/gefluegel-zagler.de\/?page_id=529"},"modified":"2023-04-23T13:01:48","modified_gmt":"2023-04-23T13:01:48","slug":"hundefutter","status":"publish","type":"page","link":"https:\/\/gefluegel-zagler.de\/?page_id=529","title":{"rendered":"Hundefutter"},"content":{"rendered":"<p>[et_pb_section fb_built=&#8220;1&#8243; _builder_version=&#8220;4.19.4&#8243; _module_preset=&#8220;default&#8220; global_colors_info=&#8220;{}&#8220;][et_pb_row _builder_version=&#8220;4.19.4&#8243; _module_preset=&#8220;default&#8220; global_colors_info=&#8220;{}&#8220;][et_pb_column type=&#8220;4_4&#8243; _builder_version=&#8220;4.19.4&#8243; _module_preset=&#8220;default&#8220; global_colors_info=&#8220;{}&#8220;][et_pb_text _builder_version=&#8220;4.19.4&#8243; _module_preset=&#8220;default&#8220; global_colors_info=&#8220;{}&#8220;]<\/p>\n<h1>Hundefutter<\/h1>\n<p>[\/et_pb_text][\/et_pb_column][\/et_pb_row][et_pb_row _builder_version=&#8220;4.19.4&#8243; _module_preset=&#8220;default&#8220; global_colors_info=&#8220;{}&#8220;][et_pb_column type=&#8220;4_4&#8243; _builder_version=&#8220;4.19.4&#8243; _module_preset=&#8220;default&#8220; global_colors_info=&#8220;{}&#8220;][et_pb_text _builder_version=&#8220;4.19.4&#8243; _module_preset=&#8220;default&#8220; global_colors_info=&#8220;{}&#8220;]<\/p>\n<p>Alle Produkte der Firma Mifuma auf Anfrage erh\u00e4ltlich.<br \/>Bei Paletten Abnahme Lieferung Frei Haus in unserem Liefergebiet nach Absprache m\u00f6glich.<\/p>\n<p>[\/et_pb_text][\/et_pb_column][\/et_pb_row][et_pb_row column_structure=&#8220;1_2,1_2&#8243; _builder_version=&#8220;4.19.4&#8243; _module_preset=&#8220;default&#8220; global_colors_info=&#8220;{}&#8220;][et_pb_column type=&#8220;1_2&#8243; _builder_version=&#8220;4.19.4&#8243; _module_preset=&#8220;default&#8220; global_colors_info=&#8220;{}&#8220;][et_pb_image src=&#8220;https:\/\/gefluegel-zagler.de\/wp-content\/uploads\/2023\/04\/mifuma-hundefutter-krokette-scaled.jpg&#8220; title_text=&#8220;mifuma-hundefutter-krokette&#8220; _builder_version=&#8220;4.19.4&#8243; _module_preset=&#8220;default&#8220; global_colors_info=&#8220;{}&#8220;][\/et_pb_image][et_pb_text _builder_version=&#8220;4.19.4&#8243; _module_preset=&#8220;default&#8220; global_colors_info=&#8220;{}&#8220;]<\/p>\n<p><strong>Krokette<\/strong><\/p>\n<p>Dieses schmackhafte und knusprige Futter ist f\u00fcr alle Hunderassen geeignet und wird sehr gut angenommen. Das Futter regt die Kaubereitschaft Ihres Hundes an und h\u00e4lt ihn fit. Die Qualit\u00e4t und der Preis \u00fcberzeugen jeden Hundebesitzer.<\/p>\n<p>F\u00fctterungsempfehlung:<\/p>\n<p>F\u00fcttern Sie Krokette Ihrem Hund trocken und stellen Sie ihm immer frisches Trinkwasser zur Verf\u00fcgung. Idealerweise sollte die Futtermenge auf zwei Mahlzeiten verteilt werden. Die Futtertabelle dient nur als Leitfaden.<\/p>\n<p>Verpackung:<\/p>\n<p>15 kg Sack<\/p>\n<p><span>Zusammensetzung<\/span><\/p>\n<p><span>Getreide, Fleisch und tierische Nebenprodukte, pflanzliche Nebenprodukte, \u00d6le und Fette, Mineralstoffe.<\/span><\/p>\n<p>[\/et_pb_text][\/et_pb_column][et_pb_column type=&#8220;1_2&#8243; _builder_version=&#8220;4.19.4&#8243; _module_preset=&#8220;default&#8220; global_colors_info=&#8220;{}&#8220;][et_pb_image src=&#8220;https:\/\/gefluegel-zagler.de\/wp-content\/uploads\/2023\/04\/mifuma-hundefutter-pur-premium-scaled.jpg&#8220; title_text=&#8220;mifuma-hundefutter-pur-premium&#8220; _builder_version=&#8220;4.19.4&#8243; _module_preset=&#8220;default&#8220; global_colors_info=&#8220;{}&#8220;][\/et_pb_image][et_pb_text _builder_version=&#8220;4.19.4&#8243; _module_preset=&#8220;default&#8220; global_colors_info=&#8220;{}&#8220;]<\/p>\n<p><strong>Pur Premium<\/strong><\/p>\n<p>Das Premium\u00adAlleinfutter f\u00fcr allergische und sensible, aber auch fleischverliebte Hunde. Die hochwertige Rezeptur aus Lamm und Gefl\u00fcgel in Kombination mit Reis ist besonders magen- und darmfreundlich. Wertvolle Wirkstoffe aus Chicor\u00e9e und Bierhefe stabilisieren die Darmflora und das Immunsystem Ihres Hundes auf nat\u00fcrliche Weise. Omega\u00ad3\u00ad und 6\u00adFetts\u00e4uren aus Lachs und Leinsamen f\u00f6rdern die Hautgesundheit und ein sch\u00f6nes Fell. Glucosamine und Chondroitin unterst\u00fctzen Knorpel und Gelenke des Bewegungsapparates.<\/p>\n<p>F\u00fctterungsempfehlung:<\/p>\n<p>F\u00fcttern Sie Pur Premium Ihrem Hund trocken und stellen Sie ihm immer frisches Trinkwasser zur Verf\u00fcgung. Idealerweise sollte die Futtermenge auf zwei Mahlzeiten verteilt werden. Die Futtertabelle dient nur als Leitfaden.<\/p>\n<p>Verpackung:<\/p>\n<p>15 kg Sack<\/p>\n<p>Zusammensetzung<\/p>\n<p>Lammfleischmehl, Naturreis, wei\u00dfer Reis, Gefl\u00fcgelmehl, tierisches Fett, getrockneter Chicor\u00e9e, Gefl\u00fcgelaroma, getrockneter Apfel, Leinsamen, Zuckerr\u00fcbentrockenschnitzel, getrockneter Lachs, Bierhefe, Johannisbrotmehl, Mineralstoffe, Glucosamin-Hydrochlorid, Chondroitinsulfat, Pflanzenextrakte.<\/p>\n<p>[\/et_pb_text][\/et_pb_column][\/et_pb_row][et_pb_row _builder_version=&#8220;4.19.4&#8243; _module_preset=&#8220;default&#8220; global_colors_info=&#8220;{}&#8220;][et_pb_column type=&#8220;4_4&#8243; _builder_version=&#8220;4.19.4&#8243; _module_preset=&#8220;default&#8220; global_colors_info=&#8220;{}&#8220;][et_pb_text _builder_version=&#8220;4.19.4&#8243; _module_preset=&#8220;default&#8220; global_colors_info=&#8220;{}&#8220;]<\/p>\n<p style=\"text-align: center;\">Nur solange der Vorrat reicht.<\/p>\n<p>[\/et_pb_text][\/et_pb_column][\/et_pb_row][\/et_pb_section]<\/p>\n","protected":false},"excerpt":{"rendered":"<p>HundefutterAlle Produkte der Firma Mifuma auf Anfrage erh\u00e4ltlich.Bei Paletten Abnahme Lieferung Frei Haus in unserem Liefergebiet nach Absprache m\u00f6glich.Krokette Dieses schmackhafte und knusprige Futter ist f\u00fcr alle Hunderassen geeignet und wird sehr gut angenommen. Das Futter regt die Kaubereitschaft Ihres Hundes an und h\u00e4lt ihn fit. Die Qualit\u00e4t und der Preis \u00fcberzeugen jeden Hundebesitzer. F\u00fctterungsempfehlung: [&hellip;]<\/p>\n","protected":false},"author":1,"featured_media":0,"parent":0,"menu_order":0,"comment_status":"closed","ping_status":"closed","template":"","meta":{"_et_pb_use_builder":"on","_et_pb_old_content":"","_et_gb_content_width":"","footnotes":""},"class_list":["post-529","page","type-page","status-publish","hentry"],"_links":{"self":[{"href":"https:\/\/gefluegel-zagler.de\/index.php?rest_route=\/wp\/v2\/pages\/529","targetHints":{"allow":["GET"]}}],"collection":[{"href":"https:\/\/gefluegel-zagler.de\/index.php?rest_route=\/wp\/v2\/pages"}],"about":[{"href":"https:\/\/gefluegel-zagler.de\/index.php?rest_route=\/wp\/v2\/types\/page"}],"author":[{"embeddable":true,"href":"https:\/\/gefluegel-zagler.de\/index.php?rest_route=\/wp\/v2\/users\/1"}],"replies":[{"embeddable":true,"href":"https:\/\/gefluegel-zagler.de\/index.php?rest_route=%2Fwp%2Fv2%2Fcomments&post=529"}],"version-history":[{"count":5,"href":"https:\/\/gefluegel-zagler.de\/index.php?rest_route=\/wp\/v2\/pages\/529\/revisions"}],"predecessor-version":[{"id":551,"href":"https:\/\/gefluegel-zagler.de\/index.php?rest_route=\/wp\/v2\/pages\/529\/revisions\/551"}],"wp:attachment":[{"href":"https:\/\/gefluegel-zagler.de\/index.php?rest_route=%2Fwp%2Fv2%2Fmedia&parent=529"}],"curies":[{"name":"wp","href":"https:\/\/api.w.org\/{rel}","templated":true}]}}