{"id":536,"date":"2023-04-23T12:36:10","date_gmt":"2023-04-23T12:36:10","guid":{"rendered":"https:\/\/gefluegel-zagler.de\/?page_id=536"},"modified":"2023-04-24T17:32:11","modified_gmt":"2023-04-24T17:32:11","slug":"katzenfutter","status":"publish","type":"page","link":"https:\/\/gefluegel-zagler.de\/?page_id=536","title":{"rendered":"Katzenfutter"},"content":{"rendered":"<p>[et_pb_section fb_built=&#8220;1&#8243; _builder_version=&#8220;4.19.4&#8243; _module_preset=&#8220;default&#8220; global_colors_info=&#8220;{}&#8220;][et_pb_row _builder_version=&#8220;4.19.4&#8243; _module_preset=&#8220;default&#8220; global_colors_info=&#8220;{}&#8220;][et_pb_column type=&#8220;4_4&#8243; _builder_version=&#8220;4.19.4&#8243; _module_preset=&#8220;default&#8220; global_colors_info=&#8220;{}&#8220;][et_pb_text _builder_version=&#8220;4.19.4&#8243; _module_preset=&#8220;default&#8220; global_colors_info=&#8220;{}&#8220;]<\/p>\n<h1>Katzenfutter<\/h1>\n<p>[\/et_pb_text][\/et_pb_column][\/et_pb_row][et_pb_row _builder_version=&#8220;4.19.4&#8243; _module_preset=&#8220;default&#8220; global_colors_info=&#8220;{}&#8220; custom_margin=&#8220;-2px|auto||auto||&#8220;][et_pb_column type=&#8220;4_4&#8243; _builder_version=&#8220;4.19.4&#8243; _module_preset=&#8220;default&#8220; global_colors_info=&#8220;{}&#8220;][et_pb_text _builder_version=&#8220;4.19.4&#8243; _module_preset=&#8220;default&#8220; custom_margin=&#8220;|0px||||&#8220; global_colors_info=&#8220;{}&#8220;]<\/p>\n<p>Alle Produkte der Firma Mifuma auf Anfrage erh\u00e4ltlich.<br \/>Bei Paletten Abnahme Lieferung Frei Haus in unserem Liefergebiet nach Absprache m\u00f6glich.<\/p>\n<p>[\/et_pb_text][\/et_pb_column][\/et_pb_row][et_pb_row column_structure=&#8220;1_2,1_2&#8243; _builder_version=&#8220;4.19.4&#8243; _module_preset=&#8220;default&#8220; global_colors_info=&#8220;{}&#8220;][et_pb_column type=&#8220;1_2&#8243; _builder_version=&#8220;4.19.4&#8243; _module_preset=&#8220;default&#8220; global_colors_info=&#8220;{}&#8220;][et_pb_image src=&#8220;https:\/\/gefluegel-zagler.de\/wp-content\/uploads\/2023\/04\/mifuma-katzenfutter-vital-adult-eco-scaled.jpg&#8220; title_text=&#8220;mifuma-katzenfutter-vital-adult-eco&#8220; _builder_version=&#8220;4.19.4&#8243; _module_preset=&#8220;default&#8220; global_colors_info=&#8220;{}&#8220;][\/et_pb_image][et_pb_text _builder_version=&#8220;4.19.4&#8243; _module_preset=&#8220;default&#8220; global_colors_info=&#8220;{}&#8220;]<\/p>\n<p><strong>Vital Adult Eco<\/strong><\/p>\n<p>Mifuma Vital Adult Eco ist unser kosteng\u00fcnstiges Alleinfutter f\u00fcr aktive Katzen. Die in Vital Adult Eco enthaltenen wertvollen Komponenten sichern den Bedarf an Eiwei\u00df und Energie Ihrer Katze. Mineralstoffe unterst\u00fctzen stabile Knochen und das Muskel- und Nervensystem. Das enthaltene Fisch\u00f6l versorgt Ihre Katze mit wichtigen Omega-3- und Omega-6- Fetts\u00e4uren und f\u00f6rdert so eine gesunde Haut und ein gl\u00e4nzendes Fell. Das Verdauungssystem wird durch die enthaltene Bierhefe stimuliert.<\/p>\n<p>Zusammensetzung:<\/p>\n<p>Fleisch und tierische Nebenprodukte (davon mind. 25% Huhn), Getreide (davon mind. 10% Reis), pflanzliche Nebenprodukte, Ei und Eierzeugnisse, \u00d6le und Fette, Fisch und Fischnebenerzeugnisse, Hefen, Mineralstoffe.<\/p>\n<p>Verpackungseinheit: 5 kg Sack<\/p>\n<p>[\/et_pb_text][\/et_pb_column][et_pb_column type=&#8220;1_2&#8243; _builder_version=&#8220;4.19.4&#8243; _module_preset=&#8220;default&#8220; global_colors_info=&#8220;{}&#8220;][et_pb_image src=&#8220;https:\/\/gefluegel-zagler.de\/wp-content\/uploads\/2023\/04\/mifuma-katzenfutter-vital-adult-premium-scaled.jpg&#8220; title_text=&#8220;mifuma-katzenfutter-vital-adult-premium&#8220; _builder_version=&#8220;4.19.4&#8243; _module_preset=&#8220;default&#8220; global_colors_info=&#8220;{}&#8220;][\/et_pb_image][et_pb_text _builder_version=&#8220;4.19.4&#8243; _module_preset=&#8220;default&#8220; global_colors_info=&#8220;{}&#8220;]<\/p>\n<p><strong>Vital Adult Premium<\/strong><\/p>\n<p>Mifuma Vital Adult Premium ist unser Spitzenfutter f\u00fcr anspruchsvolle Katzen. Die Kombination aus zartem H\u00fchnerfleisch und glutenfreiem Reis bietet Ihrer Katze eine qualitativ hochwertige, gut verdauliche und \u00e4u\u00dferst schmackhafte Eiwei\u00dfquelle. Angereichert mit Lachs\u00f6l beg\u00fcnstig Vital Adult Premium eine gesunde Fellhaarstruktur: Essentielle Aminos\u00e4uren stimulieren die Keratinproduktion und sorgen so f\u00fcr ein dichtes, gesundes und gl\u00e4nzendes Fell. Organisch gebundene Spurenelemente st\u00e4rken das Immunsystem und werden optimal von der Katze aufgenommen. Hochwertige Ballaststoffe und das Pr\u00e4biotikum Inulin wirken positiv auf die Darmflora und beg\u00fcnstigen die Verdauung und das allgemeine Wohlbefinden.<\/p>\n<p>Zusammensetzung:<\/p>\n<p>Huhn, Mais, Maisgluten, Reis, tierische Fette (Huhn), Zuckerr\u00fcbenschnitzel, H\u00fchnereiwei\u00df hydrolysiert, Lachs\u00f6l, Bierhefe, Lignocellulose, Mineralstoffe, Zicchorien-Inulin, Yucca schidigera.<\/p>\n<p>Verpackungseinheit: 5 kg Sack<\/p>\n<p>[\/et_pb_text][\/et_pb_column][\/et_pb_row][et_pb_row _builder_version=&#8220;4.19.4&#8243; _module_preset=&#8220;default&#8220; global_colors_info=&#8220;{}&#8220;][et_pb_column type=&#8220;4_4&#8243; _builder_version=&#8220;4.19.4&#8243; _module_preset=&#8220;default&#8220; global_colors_info=&#8220;{}&#8220;][et_pb_text _builder_version=&#8220;4.19.4&#8243; _module_preset=&#8220;default&#8220; global_colors_info=&#8220;{}&#8220;]<\/p>\n<p style=\"text-align: center;\">Nur solange der Vorrat reicht<\/p>\n<p>[\/et_pb_text][\/et_pb_column][\/et_pb_row][\/et_pb_section]<\/p>\n","protected":false},"excerpt":{"rendered":"<p>KatzenfutterAlle Produkte der Firma Mifuma auf Anfrage erh\u00e4ltlich.Bei Paletten Abnahme Lieferung Frei Haus in unserem Liefergebiet nach Absprache m\u00f6glich.Vital Adult Eco Mifuma Vital Adult Eco ist unser kosteng\u00fcnstiges Alleinfutter f\u00fcr aktive Katzen. Die in Vital Adult Eco enthaltenen wertvollen Komponenten sichern den Bedarf an Eiwei\u00df und Energie Ihrer Katze. Mineralstoffe unterst\u00fctzen stabile Knochen und das [&hellip;]<\/p>\n","protected":false},"author":1,"featured_media":0,"parent":0,"menu_order":0,"comment_status":"closed","ping_status":"closed","template":"","meta":{"_et_pb_use_builder":"on","_et_pb_old_content":"","_et_gb_content_width":"","footnotes":""},"class_list":["post-536","page","type-page","status-publish","hentry"],"_links":{"self":[{"href":"https:\/\/gefluegel-zagler.de\/index.php?rest_route=\/wp\/v2\/pages\/536","targetHints":{"allow":["GET"]}}],"collection":[{"href":"https:\/\/gefluegel-zagler.de\/index.php?rest_route=\/wp\/v2\/pages"}],"about":[{"href":"https:\/\/gefluegel-zagler.de\/index.php?rest_route=\/wp\/v2\/types\/page"}],"author":[{"embeddable":true,"href":"https:\/\/gefluegel-zagler.de\/index.php?rest_route=\/wp\/v2\/users\/1"}],"replies":[{"embeddable":true,"href":"https:\/\/gefluegel-zagler.de\/index.php?rest_route=%2Fwp%2Fv2%2Fcomments&post=536"}],"version-history":[{"count":5,"href":"https:\/\/gefluegel-zagler.de\/index.php?rest_route=\/wp\/v2\/pages\/536\/revisions"}],"predecessor-version":[{"id":645,"href":"https:\/\/gefluegel-zagler.de\/index.php?rest_route=\/wp\/v2\/pages\/536\/revisions\/645"}],"wp:attachment":[{"href":"https:\/\/gefluegel-zagler.de\/index.php?rest_route=%2Fwp%2Fv2%2Fmedia&parent=536"}],"curies":[{"name":"wp","href":"https:\/\/api.w.org\/{rel}","templated":true}]}}