{"id":580,"date":"2023-04-23T17:02:21","date_gmt":"2023-04-23T17:02:21","guid":{"rendered":"https:\/\/gefluegel-zagler.de\/?page_id=580"},"modified":"2023-04-24T17:31:21","modified_gmt":"2023-04-24T17:31:21","slug":"hasenfutter","status":"publish","type":"page","link":"https:\/\/gefluegel-zagler.de\/?page_id=580","title":{"rendered":"Hasenfutter"},"content":{"rendered":"<p>[et_pb_section fb_built=&#8220;1&#8243; _builder_version=&#8220;4.19.4&#8243; _module_preset=&#8220;default&#8220; global_colors_info=&#8220;{}&#8220;][et_pb_row _builder_version=&#8220;4.19.4&#8243; _module_preset=&#8220;default&#8220; global_colors_info=&#8220;{}&#8220;][et_pb_column type=&#8220;4_4&#8243; _builder_version=&#8220;4.19.4&#8243; _module_preset=&#8220;default&#8220; global_colors_info=&#8220;{}&#8220;][et_pb_text _builder_version=&#8220;4.19.4&#8243; _module_preset=&#8220;default&#8220; global_colors_info=&#8220;{}&#8220;]<\/p>\n<h1>Hasenfutter<\/h1>\n<p>[\/et_pb_text][\/et_pb_column][\/et_pb_row][et_pb_row _builder_version=&#8220;4.19.4&#8243; _module_preset=&#8220;default&#8220; global_colors_info=&#8220;{}&#8220;][et_pb_column type=&#8220;4_4&#8243; _builder_version=&#8220;4.19.4&#8243; _module_preset=&#8220;default&#8220; global_colors_info=&#8220;{}&#8220;][et_pb_text _builder_version=&#8220;4.19.4&#8243; _module_preset=&#8220;default&#8220; global_colors_info=&#8220;{}&#8220;]<\/p>\n<div class=\"et_pb_row et_pb_row_1\">\n<div class=\"et_pb_column et_pb_column_4_4 et_pb_column_1  et_pb_css_mix_blend_mode_passthrough et-last-child\">\n<div class=\"et_pb_module et_pb_text et_pb_text_1  et_pb_text_align_left et_pb_bg_layout_light\">\n<div class=\"et_pb_text_inner\">\n<p>Alle Produkte der Firma Mifuma auf Anfrage erh\u00e4ltlich.<br \/>Bei Paletten Abnahme Lieferung Frei Haus in unserem Liefergebiet nach Absprache m\u00f6glich.<\/p>\n<\/div>\n<\/div>\n<\/div>\n<\/div>\n<p>[\/et_pb_text][\/et_pb_column][\/et_pb_row][et_pb_row column_structure=&#8220;1_2,1_2&#8243; _builder_version=&#8220;4.19.4&#8243; _module_preset=&#8220;default&#8220; global_colors_info=&#8220;{}&#8220;][et_pb_column type=&#8220;1_2&#8243; _builder_version=&#8220;4.19.4&#8243; _module_preset=&#8220;default&#8220; global_colors_info=&#8220;{}&#8220;][et_pb_image src=&#8220;https:\/\/gefluegel-zagler.de\/wp-content\/uploads\/2023\/04\/mifuma-kaninchenfutter-mifuma-basis-scaled.jpg&#8220; title_text=&#8220;mifuma-kaninchenfutter-mifuma-basis&#8220; _builder_version=&#8220;4.19.4&#8243; _module_preset=&#8220;default&#8220; global_colors_info=&#8220;{}&#8220;][\/et_pb_image][et_pb_text _builder_version=&#8220;4.19.4&#8243; _module_preset=&#8220;default&#8220; global_colors_info=&#8220;{}&#8220;]<\/p>\n<p><strong>BASIS<\/strong><\/p>\n<p>Mifuma Basis eignet sich vorz\u00fcglich f\u00fcr kleinere Rassen und Zwerge sowie f\u00fcr mittelgro\u00dfe Rassen in der Zuchtruhe. Dieses preisg\u00fcnstige Pellet k\u00f6nnen Sie zur ganzj\u00e4hrigen F\u00fctterung nutzen, da es mit allen lebenswichtigen Spurenelementen, Mineralstoffen und Vitaminen ausgestattet ist. Durch den niedrigen Eiwei\u00df- und hohen Rohfasergehalt bietet es zudem eine hohe Durchfallsicherheit.<\/p>\n<p><strong>F\u00dcTTERUNGSEMPFEHLUNG:<\/strong><\/p>\n<p>F\u00fcttern Sie Mifuma Basis in Kombination mit Heu und frischem Wasser.<\/p>\n<ul>\n<li>Ausgewachsene Tiere: 35\u201140 g pro kg K\u00f6rpergewicht und Tag<\/li>\n<li>Tragende H\u00e4sinnen: 40-45 g pro kg K\u00f6rpergewicht und Tag<\/li>\n<li>S\u00e4ugende H\u00e4sinnen und Jungtiere: ab 4-6 Wochen nach dem Absetzen zur freien Verf\u00fcgung<\/li>\n<\/ul>\n<p><strong>VERPACKUNGSEINHEIT:<\/strong><\/p>\n<p>25 kg Sack (3 mm Pellet)<\/p>\n<p>[\/et_pb_text][\/et_pb_column][et_pb_column type=&#8220;1_2&#8243; _builder_version=&#8220;4.19.4&#8243; _module_preset=&#8220;default&#8220; global_colors_info=&#8220;{}&#8220;][et_pb_image src=&#8220;https:\/\/gefluegel-zagler.de\/wp-content\/uploads\/2023\/04\/mifuma-kaninchenfutter-mifuma-multi-scaled.jpg&#8220; title_text=&#8220;mifuma-kaninchenfutter-mifuma-multi&#8220; _builder_version=&#8220;4.19.4&#8243; _module_preset=&#8220;default&#8220; global_colors_info=&#8220;{}&#8220;][\/et_pb_image][et_pb_text _builder_version=&#8220;4.19.4&#8243; _module_preset=&#8220;default&#8220; global_colors_info=&#8220;{}&#8220;]<\/p>\n<p><strong>MULTI<\/strong><\/p>\n<p>Die hochwertige Zusammensetzung dieser bunten, vielf\u00e4ltigen Mischung ist f\u00fcr alle Rassekaninchen geeignet und bietet Abwechslung im Trog. Multi enth\u00e4lt ab sofort Karottenflocken und Petersilienst\u00e4ngel. Diese f\u00f6rdern die Kauaktivit\u00e4t und den notwendigen Zahnabrieb. Das enthaltene Pellet sichert die Versorgung mit allen lebenswichtigen Mineralien, Spurenelementen und Vitaminen. Das M\u00fcsli sorgt durch seine Schmackhaftigkeit und dem hohen Energiegehalt f\u00fcr eine schnelle Gewichtsentwicklung. Die enthaltenen \u00d6le f\u00f6rdern zudem den Fellglanz. Traubenschalen liefern wichtige Wirkstoffe zur F\u00f6rderung der k\u00f6rpereigenen Abwehr.<\/p>\n<p><strong>F\u00dcTTERUNGSEMPFEHLUNG:<\/strong><\/p>\n<p>F\u00fcttern Sie Mifuma Multi in Kombination mit Heu und frischem Wasser.<\/p>\n<ul>\n<li>Erwachsene Tiere: 30-40 g pro kg K\u00f6rpergewicht und Tag<\/li>\n<\/ul>\n<p><strong>VERPACKUNGSEINHEIT:<\/strong><\/p>\n<p>3,5 kg Beutel (M\u00fcsli-Pellet-Mischung)<\/p>\n<p>[\/et_pb_text][\/et_pb_column][\/et_pb_row][et_pb_row _builder_version=&#8220;4.19.4&#8243; _module_preset=&#8220;default&#8220; global_colors_info=&#8220;{}&#8220;][et_pb_column type=&#8220;4_4&#8243; _builder_version=&#8220;4.19.4&#8243; _module_preset=&#8220;default&#8220; global_colors_info=&#8220;{}&#8220;][et_pb_text _builder_version=&#8220;4.19.4&#8243; _module_preset=&#8220;default&#8220; global_colors_info=&#8220;{}&#8220;]<\/p>\n<p style=\"text-align: center;\">So lange der Vorrat reicht.<\/p>\n<p>[\/et_pb_text][\/et_pb_column][\/et_pb_row][\/et_pb_section]<\/p>\n","protected":false},"excerpt":{"rendered":"<p>Hasenfutter Alle Produkte der Firma Mifuma auf Anfrage erh\u00e4ltlich.Bei Paletten Abnahme Lieferung Frei Haus in unserem Liefergebiet nach Absprache m\u00f6glich. BASIS Mifuma Basis eignet sich vorz\u00fcglich f\u00fcr kleinere Rassen und Zwerge sowie f\u00fcr mittelgro\u00dfe Rassen in der Zuchtruhe. Dieses preisg\u00fcnstige Pellet k\u00f6nnen Sie zur ganzj\u00e4hrigen F\u00fctterung nutzen, da es mit allen lebenswichtigen Spurenelementen, Mineralstoffen und [&hellip;]<\/p>\n","protected":false},"author":1,"featured_media":0,"parent":0,"menu_order":0,"comment_status":"closed","ping_status":"closed","template":"","meta":{"_et_pb_use_builder":"on","_et_pb_old_content":"","_et_gb_content_width":"","footnotes":""},"class_list":["post-580","page","type-page","status-publish","hentry"],"_links":{"self":[{"href":"https:\/\/gefluegel-zagler.de\/index.php?rest_route=\/wp\/v2\/pages\/580","targetHints":{"allow":["GET"]}}],"collection":[{"href":"https:\/\/gefluegel-zagler.de\/index.php?rest_route=\/wp\/v2\/pages"}],"about":[{"href":"https:\/\/gefluegel-zagler.de\/index.php?rest_route=\/wp\/v2\/types\/page"}],"author":[{"embeddable":true,"href":"https:\/\/gefluegel-zagler.de\/index.php?rest_route=\/wp\/v2\/users\/1"}],"replies":[{"embeddable":true,"href":"https:\/\/gefluegel-zagler.de\/index.php?rest_route=%2Fwp%2Fv2%2Fcomments&post=580"}],"version-history":[{"count":4,"href":"https:\/\/gefluegel-zagler.de\/index.php?rest_route=\/wp\/v2\/pages\/580\/revisions"}],"predecessor-version":[{"id":644,"href":"https:\/\/gefluegel-zagler.de\/index.php?rest_route=\/wp\/v2\/pages\/580\/revisions\/644"}],"wp:attachment":[{"href":"https:\/\/gefluegel-zagler.de\/index.php?rest_route=%2Fwp%2Fv2%2Fmedia&parent=580"}],"curies":[{"name":"wp","href":"https:\/\/api.w.org\/{rel}","templated":true}]}}