{"id":621,"date":"2023-04-23T18:37:31","date_gmt":"2023-04-23T18:37:31","guid":{"rendered":"https:\/\/gefluegel-zagler.de\/?page_id=621"},"modified":"2023-04-23T18:37:31","modified_gmt":"2023-04-23T18:37:31","slug":"impfanleitung","status":"publish","type":"page","link":"https:\/\/gefluegel-zagler.de\/?page_id=621","title":{"rendered":"Impfanleitung"},"content":{"rendered":"<p>[et_pb_section fb_built=&#8220;1&#8243; theme_builder_area=&#8220;post_content&#8220; _builder_version=&#8220;4.19.4&#8243; _module_preset=&#8220;default&#8220;][et_pb_row _builder_version=&#8220;4.19.4&#8243; _module_preset=&#8220;default&#8220; theme_builder_area=&#8220;post_content&#8220;][et_pb_column _builder_version=&#8220;4.19.4&#8243; _module_preset=&#8220;default&#8220; type=&#8220;4_4&#8243; theme_builder_area=&#8220;post_content&#8220;][et_pb_text _builder_version=&#8220;4.19.4&#8243; _module_preset=&#8220;default&#8220; theme_builder_area=&#8220;post_content&#8220; hover_enabled=&#8220;0&#8243; sticky_enabled=&#8220;0&#8243;]<\/p>\n<h1 style=\"text-align: center;\"><strong>Anleitung zur Trinkwasser-Impfung<\/strong><\/h1>\n<p style=\"text-align: center;\">(bei dieser Impfung m\u00fcssen die Tiere nicht transportiert werden)<\/p>\n<p style=\"text-align: center;\">\u00a0<\/p>\n<p style=\"text-align: center;\">\u00a0<\/p>\n<p style=\"text-align: center;\"><u>Aktuelle Impftermine finden Sie unter Impftermien<\/u><\/p>\n<p><u>\u00a0<\/u><\/p>\n<p>&nbsp;<\/p>\n<ol>\n<li>Lassen Sie die Tiere 2 Std. vor der Impfung dursten<\/li>\n<\/ol>\n<p>&nbsp;<\/p>\n<ol start=\"2\">\n<li>Reinigen Sie die Tr\u00e4nken gr\u00fcndlich<\/li>\n<\/ol>\n<p>&nbsp;<\/p>\n<ol start=\"3\">\n<li>Impfstoff abholen. (Impfstoff muss sofort angewendet werden!)<\/li>\n<\/ol>\n<p>Wichtig: bringen Sie eine saubere Flasche f\u00fcr den Impfstoff mit<\/p>\n<p>&nbsp;<\/p>\n<ol start=\"4\">\n<li>R\u00fchren Sie den Impfstoff in die Menge Wasser ein, die ihre Tiere in ca. 2 Std. verbrauchen ca.20ml\/Tier (abh\u00e4ngig von den Wetterverh\u00e4ltnissen, stellen Sie sicher das die Tiere keine weitere Trinkm\u00f6glichkeiten haben [Pf\u00fctzen, \u2026])<\/li>\n<\/ol>\n<p>&nbsp;<\/p>\n<ol start=\"5\">\n<li>Vergewissern Sie sich, dass alle Tiere den Impfstoff aufgenommen haben (Blauf\u00e4rbung der Zunge).<\/li>\n<\/ol>\n<p>&nbsp;<\/p>\n<ol start=\"6\">\n<li>Nach 2 Std. die Tr\u00e4nke reinigen, desinfizieren und die normale Trinkwasser Versorgung wiederherstellen.<\/li>\n<\/ol>\n<p>&nbsp;<\/p>\n<ol start=\"7\">\n<li>Wiederholen Sie die Impfung nach den Gesetzlichen vorgaben.<\/li>\n<\/ol>\n<p>(gem\u00e4\u00df der gesetzlichen Impfpflicht)<\/p>\n<p>&nbsp;<\/p>\n<p style=\"text-align: center;\">Es d\u00fcrfen nur gesunde Tiere und K\u00fcken ab dem 14. Tag Geimpft werden. Jeder ist f\u00fcr die Impfung seiner Tiere selbst verantwortlich. F\u00fcr evtl. Impfsch\u00e4den \u00fcbernehmen wir keinerlei Haftung.<\/p>\n<p>[\/et_pb_text][\/et_pb_column][\/et_pb_row][\/et_pb_section]<\/p>\n","protected":false},"excerpt":{"rendered":"<p>Anleitung zur Trinkwasser-Impfung (bei dieser Impfung m\u00fcssen die Tiere nicht transportiert werden) \u00a0 \u00a0 Aktuelle Impftermine finden Sie unter Impftermien \u00a0 &nbsp; Lassen Sie die Tiere 2 Std. vor der Impfung dursten &nbsp; Reinigen Sie die Tr\u00e4nken gr\u00fcndlich &nbsp; Impfstoff abholen. (Impfstoff muss sofort angewendet werden!) Wichtig: bringen Sie eine saubere Flasche f\u00fcr den Impfstoff [&hellip;]<\/p>\n","protected":false},"author":1,"featured_media":0,"parent":0,"menu_order":0,"comment_status":"closed","ping_status":"closed","template":"","meta":{"_et_pb_use_builder":"on","_et_pb_old_content":"","_et_gb_content_width":"","footnotes":""},"class_list":["post-621","page","type-page","status-publish","hentry"],"_links":{"self":[{"href":"https:\/\/gefluegel-zagler.de\/index.php?rest_route=\/wp\/v2\/pages\/621","targetHints":{"allow":["GET"]}}],"collection":[{"href":"https:\/\/gefluegel-zagler.de\/index.php?rest_route=\/wp\/v2\/pages"}],"about":[{"href":"https:\/\/gefluegel-zagler.de\/index.php?rest_route=\/wp\/v2\/types\/page"}],"author":[{"embeddable":true,"href":"https:\/\/gefluegel-zagler.de\/index.php?rest_route=\/wp\/v2\/users\/1"}],"replies":[{"embeddable":true,"href":"https:\/\/gefluegel-zagler.de\/index.php?rest_route=%2Fwp%2Fv2%2Fcomments&post=621"}],"version-history":[{"count":2,"href":"https:\/\/gefluegel-zagler.de\/index.php?rest_route=\/wp\/v2\/pages\/621\/revisions"}],"predecessor-version":[{"id":624,"href":"https:\/\/gefluegel-zagler.de\/index.php?rest_route=\/wp\/v2\/pages\/621\/revisions\/624"}],"wp:attachment":[{"href":"https:\/\/gefluegel-zagler.de\/index.php?rest_route=%2Fwp%2Fv2%2Fmedia&parent=621"}],"curies":[{"name":"wp","href":"https:\/\/api.w.org\/{rel}","templated":true}]}}