{"id":637,"date":"2023-04-24T17:28:43","date_gmt":"2023-04-24T17:28:43","guid":{"rendered":"https:\/\/gefluegel-zagler.de\/?page_id=637"},"modified":"2023-04-24T18:06:43","modified_gmt":"2023-04-24T18:06:43","slug":"637-2","status":"publish","type":"page","link":"https:\/\/gefluegel-zagler.de\/?page_id=637","title":{"rendered":"Taubenfutter"},"content":{"rendered":"<p>[et_pb_section fb_built=&#8220;1&#8243; _builder_version=&#8220;4.19.4&#8243; _module_preset=&#8220;default&#8220; global_colors_info=&#8220;{}&#8220;][et_pb_row _builder_version=&#8220;4.19.4&#8243; _module_preset=&#8220;default&#8220; global_colors_info=&#8220;{}&#8220;][et_pb_column type=&#8220;4_4&#8243; _builder_version=&#8220;4.19.4&#8243; _module_preset=&#8220;default&#8220; global_colors_info=&#8220;{}&#8220;][et_pb_text _builder_version=&#8220;4.19.4&#8243; _module_preset=&#8220;default&#8220; global_colors_info=&#8220;{}&#8220;]<\/p>\n<h1>Taubenfutter<\/h1>\n<p>[\/et_pb_text][\/et_pb_column][\/et_pb_row][et_pb_row _builder_version=&#8220;4.19.4&#8243; _module_preset=&#8220;default&#8220; global_colors_info=&#8220;{}&#8220;][et_pb_column type=&#8220;4_4&#8243; _builder_version=&#8220;4.19.4&#8243; _module_preset=&#8220;default&#8220; global_colors_info=&#8220;{}&#8220;][et_pb_text _builder_version=&#8220;4.19.4&#8243; _module_preset=&#8220;default&#8220; global_colors_info=&#8220;{}&#8220;]<\/p>\n<p>Alle Produkte der Firma Mifuma auf Anfrage erh\u00e4ltlich.<br \/>Bei Paletten Abnahme Lieferung Frei Haus in unserem Liefergebiet nach Absprache m\u00f6glich.<\/p>\n<p>[\/et_pb_text][\/et_pb_column][\/et_pb_row][et_pb_row column_structure=&#8220;1_2,1_2&#8243; _builder_version=&#8220;4.19.4&#8243; _module_preset=&#8220;default&#8220; global_colors_info=&#8220;{}&#8220;][et_pb_column type=&#8220;1_2&#8243; _builder_version=&#8220;4.19.4&#8243; _module_preset=&#8220;default&#8220; global_colors_info=&#8220;{}&#8220;][et_pb_image src=&#8220;https:\/\/gefluegel-zagler.de\/wp-content\/uploads\/2023\/04\/mifuma-brieftaubenfutter-hausmischung-scaled.jpg&#8220; title_text=&#8220;mifuma-brieftaubenfutter-hausmischung&#8220; _builder_version=&#8220;4.19.4&#8243; _module_preset=&#8220;default&#8220; global_colors_info=&#8220;{}&#8220;][\/et_pb_image][et_pb_text _builder_version=&#8220;4.19.4&#8243; _module_preset=&#8220;default&#8220; global_colors_info=&#8220;{}&#8220;]<\/p>\n<p><strong>HAUSMISCHUNG<\/strong><\/p>\n<p>Unsere Hausmischung ist die besonders kosteng\u00fcnstige Ausgangsbasis f\u00fcr Ihre Eigenmischungen und nat\u00fcrlich als Ganzjahresfutter einsetzbar.<\/p>\n<p>ZUSAMMENSETZUNG:<\/p>\n<p>Weizen, Mais, Milo, Gelbe Erbsen, Braugerste, Gr\u00fcne Erbsen, Dari, Rotmais, Sonnenblumenkerne, Leinsamen, Rapssaat, Hirse<\/p>\n<p>VERPACKUNGSEINHEIT:<\/p>\n<p>25 kg Sack<\/p>\n<p>[\/et_pb_text][\/et_pb_column][et_pb_column type=&#8220;1_2&#8243; _builder_version=&#8220;4.19.4&#8243; _module_preset=&#8220;default&#8220; global_colors_info=&#8220;{}&#8220;][et_pb_image src=&#8220;https:\/\/gefluegel-zagler.de\/wp-content\/uploads\/2023\/04\/mifuma-edelgrit-mit-rotstein-scaled.jpg&#8220; title_text=&#8220;mifuma-edelgrit-mit-rotstein&#8220; _builder_version=&#8220;4.19.4&#8243; _module_preset=&#8220;default&#8220; global_colors_info=&#8220;{}&#8220;][\/et_pb_image][et_pb_text _builder_version=&#8220;4.19.4&#8243; _module_preset=&#8220;default&#8220; global_colors_info=&#8220;{}&#8220;]<\/p>\n<div class=\"et_pb_module et_pb_text et_pb_text_21  et_pb_text_align_left et_pb_bg_layout_light\">\n<div class=\"et_pb_text_inner\">\n<p><strong>EDELGRIT MIT ROTSTEIN<\/strong><\/p>\n<p>Diese Edelgritmischung besteht aus wertvollen Rohstoffen wie gelben Muschelschalen, Austernschalen, hellem Muschelschrot, hellen Muschelschalen, Rotstein, Magensteinchen, Kalksteinen und Hirse plus Anis. Die enthaltenen s\u00e4urebest\u00e4ndigen Magensteine sind wichtig bei der Volierenhaltung und f\u00fcr Zuchttauben.<\/p>\n<p>VERPACKUNGSEINHEIT:<\/p>\n<p>5 kg Eimer<\/p>\n<\/div>\n<\/div>\n<p>[\/et_pb_text][\/et_pb_column][\/et_pb_row][et_pb_row column_structure=&#8220;1_2,1_2&#8243; _builder_version=&#8220;4.19.4&#8243; _module_preset=&#8220;default&#8220; global_colors_info=&#8220;{}&#8220;][et_pb_column type=&#8220;1_2&#8243; _builder_version=&#8220;4.19.4&#8243; _module_preset=&#8220;default&#8220; global_colors_info=&#8220;{}&#8220;][et_pb_image src=&#8220;https:\/\/gefluegel-zagler.de\/wp-content\/uploads\/2023\/04\/mifuma-rassegefluegelfutter-austernschalen-as-premium-scaled.jpg&#8220; title_text=&#8220;mifuma-rassegefluegelfutter-austernschalen-as-premium&#8220; _builder_version=&#8220;4.19.4&#8243; _module_preset=&#8220;default&#8220; global_colors_info=&#8220;{}&#8220;][\/et_pb_image][et_pb_text _builder_version=&#8220;4.19.4&#8243; _module_preset=&#8220;default&#8220; global_colors_info=&#8220;{}&#8220;]<\/p>\n<div class=\"et_pb_module et_pb_text et_pb_text_20  et_pb_text_align_left et_pb_bg_layout_light\">\n<div class=\"et_pb_text_inner\">\n<p class=\"NoSpacing\"><strong>AUSTERNSCHALEN<\/strong><\/p>\n<p class=\"NoSpacing\">Die Mifuma Austernschalen AS sind ein reines Naturprodukt. Sie enthalten hochverdauliches Kalzium und sind zur Erg\u00e4nzung des wachsenden und legenden Gefl\u00fcgels sehr gut geeignet. Die groben Bruchst\u00fccke verweilen l\u00e4nger im Muskelmagen und verbessern dadurch zus\u00e4tzlich die Verdauung. Sie tragen zur Verbesserung der Eischalenqualit\u00e4t und zum Aufbau und Erhalt des Knochenapparates bei.<\/p>\n<p class=\"NoSpacing\">WANN: Ganzj\u00e4hrig zur freien Verf\u00fcgung anbieten.<\/p>\n<p class=\"NoSpacing\">WARUM: Sehr gut verf\u00fcgbare Kalziumquelle f\u00fcr Gefl\u00fcgel.<\/p>\n<p class=\"NoSpacing\">Z\u00dcCHTERTIPP: Ausreichend Gr\u00fcnfutter zus\u00e4tzlich anbieten, um die Kalziumverf\u00fcgbarkeit zu erh\u00f6hen.<\/p>\n<p class=\"NoSpacing\">VERPACKUNGSEINHEIT:<\/p>\n<p class=\"NoSpacing\">25 kg Sack<\/p>\n<\/div>\n<\/div>\n<p>[\/et_pb_text][\/et_pb_column][et_pb_column type=&#8220;1_2&#8243; _builder_version=&#8220;4.19.4&#8243; _module_preset=&#8220;default&#8220; global_colors_info=&#8220;{}&#8220;][\/et_pb_column][\/et_pb_row][et_pb_row _builder_version=&#8220;4.19.4&#8243; _module_preset=&#8220;default&#8220;][et_pb_column _builder_version=&#8220;4.19.4&#8243; _module_preset=&#8220;default&#8220; type=&#8220;4_4&#8243;][et_pb_text _builder_version=&#8220;4.19.4&#8243; _module_preset=&#8220;default&#8220; hover_enabled=&#8220;0&#8243; sticky_enabled=&#8220;0&#8243;]<\/p>\n<p style=\"text-align: center;\">Nur solange der Vorrat reicht.<\/p>\n<p>[\/et_pb_text][\/et_pb_column][\/et_pb_row][\/et_pb_section]<\/p>\n","protected":false},"excerpt":{"rendered":"<p>TaubenfutterAlle Produkte der Firma Mifuma auf Anfrage erh\u00e4ltlich.Bei Paletten Abnahme Lieferung Frei Haus in unserem Liefergebiet nach Absprache m\u00f6glich.HAUSMISCHUNG Unsere Hausmischung ist die besonders kosteng\u00fcnstige Ausgangsbasis f\u00fcr Ihre Eigenmischungen und nat\u00fcrlich als Ganzjahresfutter einsetzbar. ZUSAMMENSETZUNG: Weizen, Mais, Milo, Gelbe Erbsen, Braugerste, Gr\u00fcne Erbsen, Dari, Rotmais, Sonnenblumenkerne, Leinsamen, Rapssaat, Hirse VERPACKUNGSEINHEIT: 25 kg Sack EDELGRIT MIT [&hellip;]<\/p>\n","protected":false},"author":1,"featured_media":0,"parent":0,"menu_order":0,"comment_status":"closed","ping_status":"closed","template":"","meta":{"_et_pb_use_builder":"on","_et_pb_old_content":"","_et_gb_content_width":"","footnotes":""},"class_list":["post-637","page","type-page","status-publish","hentry"],"_links":{"self":[{"href":"https:\/\/gefluegel-zagler.de\/index.php?rest_route=\/wp\/v2\/pages\/637","targetHints":{"allow":["GET"]}}],"collection":[{"href":"https:\/\/gefluegel-zagler.de\/index.php?rest_route=\/wp\/v2\/pages"}],"about":[{"href":"https:\/\/gefluegel-zagler.de\/index.php?rest_route=\/wp\/v2\/types\/page"}],"author":[{"embeddable":true,"href":"https:\/\/gefluegel-zagler.de\/index.php?rest_route=\/wp\/v2\/users\/1"}],"replies":[{"embeddable":true,"href":"https:\/\/gefluegel-zagler.de\/index.php?rest_route=%2Fwp%2Fv2%2Fcomments&post=637"}],"version-history":[{"count":5,"href":"https:\/\/gefluegel-zagler.de\/index.php?rest_route=\/wp\/v2\/pages\/637\/revisions"}],"predecessor-version":[{"id":656,"href":"https:\/\/gefluegel-zagler.de\/index.php?rest_route=\/wp\/v2\/pages\/637\/revisions\/656"}],"wp:attachment":[{"href":"https:\/\/gefluegel-zagler.de\/index.php?rest_route=%2Fwp%2Fv2%2Fmedia&parent=637"}],"curies":[{"name":"wp","href":"https:\/\/api.w.org\/{rel}","templated":true}]}}