{"id":646,"date":"2023-04-24T18:04:39","date_gmt":"2023-04-24T18:04:39","guid":{"rendered":"https:\/\/gefluegel-zagler.de\/?page_id=646"},"modified":"2024-02-16T09:19:21","modified_gmt":"2024-02-16T09:19:21","slug":"ergaenzungsfutter","status":"publish","type":"page","link":"https:\/\/gefluegel-zagler.de\/?page_id=646","title":{"rendered":"Erg\u00e4nzungsfutter"},"content":{"rendered":"<p>[et_pb_section fb_built=&#8220;1&#8243; _builder_version=&#8220;4.19.4&#8243; _module_preset=&#8220;default&#8220; global_colors_info=&#8220;{}&#8220;][et_pb_row _builder_version=&#8220;4.19.4&#8243; _module_preset=&#8220;default&#8220; global_colors_info=&#8220;{}&#8220;][et_pb_column type=&#8220;4_4&#8243; _builder_version=&#8220;4.19.4&#8243; _module_preset=&#8220;default&#8220; global_colors_info=&#8220;{}&#8220;][et_pb_text _builder_version=&#8220;4.19.4&#8243; _module_preset=&#8220;default&#8220; global_colors_info=&#8220;{}&#8220;]<\/p>\n<h1>Erg\u00e4nzungsfutter<\/h1>\n<p>[\/et_pb_text][\/et_pb_column][\/et_pb_row][et_pb_row _builder_version=&#8220;4.19.4&#8243; _module_preset=&#8220;default&#8220; global_colors_info=&#8220;{}&#8220;][et_pb_column type=&#8220;4_4&#8243; _builder_version=&#8220;4.19.4&#8243; _module_preset=&#8220;default&#8220; global_colors_info=&#8220;{}&#8220;][et_pb_text _builder_version=&#8220;4.19.4&#8243; _module_preset=&#8220;default&#8220; global_colors_info=&#8220;{}&#8220;]<\/p>\n<p>Alle Produkte der Firma Mifuma auf Anfrage erh\u00e4ltlich.<br \/>Bei Paletten Abnahme Lieferung Frei Haus in unserem Liefergebiet nach Absprache m\u00f6glich.<\/p>\n<p>[\/et_pb_text][\/et_pb_column][\/et_pb_row][et_pb_row column_structure=&#8220;1_2,1_2&#8243; _builder_version=&#8220;4.19.4&#8243; _module_preset=&#8220;default&#8220; global_colors_info=&#8220;{}&#8220;][et_pb_column type=&#8220;1_2&#8243; _builder_version=&#8220;4.19.4&#8243; _module_preset=&#8220;default&#8220; global_colors_info=&#8220;{}&#8220;][et_pb_image src=&#8220;https:\/\/gefluegel-zagler.de\/wp-content\/uploads\/2023\/04\/30141_Vitamin_ADEC_100ml_Flasche_V20_10_21.jpg&#8220; title_text=&#8220;30141_Vitamin_ADEC_100ml_Flasche_V20_10_21&#8243; _builder_version=&#8220;4.19.4&#8243; _module_preset=&#8220;default&#8220; global_colors_info=&#8220;{}&#8220;][\/et_pb_image][et_pb_text _builder_version=&#8220;4.19.4&#8243; _module_preset=&#8220;default&#8220; global_colors_info=&#8220;{}&#8220;]<\/p>\n<p style=\"text-align: center;\"><strong>Vitamin ADEC <br \/>100ml, 250ml und 1000m<\/strong>l<\/p>\n<p>Zur zus\u00e4tzlichen Vitaminversorgung mit den Vitaminen ADEC f\u00fcr H\u00fchner und Tauben<\/p>\n<p>Vitamin ADEC f\u00fcr die kurzfristige zus\u00e4tzliche Vitaminversorgung zur Vorbereitung der Zucht, w\u00e4hrend der Jungtieraufzucht, sowie w\u00e4hrend der ung\u00fcnstigen Jahreszeiten<\/p>\n<p>Durchschnittlicher Wasserbedarf: 1 Taube: 50 ml pro Tag 1 Junghenne: 100 ml pro Tag Legehenne: 125 ml pro Tag<\/p>\n<p>Vitamin ADEC: verbessertes Wachstum, Zuchtvitamine, st\u00e4rkt Abwehrkr\u00e4fte<\/p>\n<p>[\/et_pb_text][\/et_pb_column][et_pb_column type=&#8220;1_2&#8243; _builder_version=&#8220;4.19.4&#8243; _module_preset=&#8220;default&#8220; global_colors_info=&#8220;{}&#8220;][et_pb_image src=&#8220;https:\/\/gefluegel-zagler.de\/wp-content\/uploads\/2023\/04\/11581-Milbprotect-500ml_V8_08_21.png&#8220; title_text=&#8220;11581-Milbprotect-500ml_V8_08_21&#8243; _builder_version=&#8220;4.19.4&#8243; _module_preset=&#8220;default&#8220; global_colors_info=&#8220;{}&#8220;][\/et_pb_image][et_pb_text _builder_version=&#8220;4.19.4&#8243; _module_preset=&#8220;default&#8220; global_colors_info=&#8220;{}&#8220;]<\/p>\n<p style=\"text-align: center;\"><strong>Milb Protect<\/strong><br \/><strong>500ml<\/strong><\/p>\n<p><span class=\"a-list-item\">KR\u00c4UTEREXTRAKTE \u2013 MilbProtect ist ein fl\u00fcssiges Erg\u00e4nzungsfuttermittel, das durch hochwertige Kr\u00e4uterextrakte Stress reduzieren kann <\/span><\/p>\n<p><span class=\"a-list-item\">\u00a0F\u00d6RDERT FRESSLUST \u2013 MilbProtect steigert die Fresslust und tr\u00e4gt damit zum Wohlbefinden der Tiere bei <\/span><\/p>\n<p><span class=\"a-list-item\"> ERG\u00c4NZUNG BEI TIEREN \u2013 MilbProtect eignet sich optimal auch zur Erg\u00e4nzung bei Tieren, die durch einen starken Befall mit Ektoparasiten, wie zum Beispiel Vogelmilben, sehr angeschlagen sind <\/span><\/p>\n<p><span class=\"a-list-item\">\u00a0GANZJAHRESPRODUKT \u2013 MilbProtect ist optimal geeignet als Erg\u00e4nzungsfuttermittel das ganze Jahr gef\u00fcttert zu werdenR\u00d6HNFRIED \u2013 R\u00f6hnfried ihr Spezialist f\u00fcr Brieftauben, Rassetauben und Gefl\u00fcge<\/span><\/p>\n<p>[\/et_pb_text][\/et_pb_column][\/et_pb_row][et_pb_row column_structure=&#8220;1_2,1_2&#8243; _builder_version=&#8220;4.19.4&#8243; _module_preset=&#8220;default&#8220; global_colors_info=&#8220;{}&#8220;][et_pb_column type=&#8220;1_2&#8243; _builder_version=&#8220;4.19.4&#8243; _module_preset=&#8220;default&#8220; global_colors_info=&#8220;{}&#8220;][et_pb_image src=&#8220;https:\/\/gefluegel-zagler.de\/wp-content\/uploads\/2023\/04\/10660_hennengold_1000ml_pet_flasche_V18_11_21-scaled.jpg&#8220; title_text=&#8220;10660_hennengold_1000ml_pet_flasche_V18_11_21&#8243; _builder_version=&#8220;4.19.4&#8243; _module_preset=&#8220;default&#8220; global_colors_info=&#8220;{}&#8220;][\/et_pb_image][et_pb_text _builder_version=&#8220;4.19.4&#8243; _module_preset=&#8220;default&#8220; global_colors_info=&#8220;{}&#8220;]<\/p>\n<div class=\"woocommerce-product-details__short-description\">\n<p style=\"text-align: center;\"><span data-contrast=\"none\"><strong>Hennengold<\/strong><br \/>1000 ml<\/span><\/p>\n<p><span data-contrast=\"none\">\u00a0Reduziert das Auftreten von ern\u00e4hrungsbedingten Bruch- bzw. Windeiern und sorgt f\u00fcr st\u00e4rkere und h\u00e4rtere Eierschalen<\/span><span data-ccp-props=\"{&quot;134233117&quot;:false,&quot;134233118&quot;:false,&quot;201341983&quot;:0,&quot;335551550&quot;:1,&quot;335551620&quot;:1,&quot;335559737&quot;:0,&quot;335559738&quot;:100,&quot;335559739&quot;:100,&quot;335559740&quot;:240}\">\u00a0<\/span><\/p>\n<p><span data-contrast=\"none\">\u00a0Enthaltenes Methionin und\u00a0Cholin\u00a0unterst\u00fctzen den Stoffwechsel, f\u00f6rdern das Federwachstum und sorgen f\u00fcr ein sch\u00f6nes, dichtes Federkleid\u00a0<\/span><span data-ccp-props=\"{&quot;134233117&quot;:false,&quot;134233118&quot;:false,&quot;201341983&quot;:0,&quot;335551550&quot;:1,&quot;335551620&quot;:1,&quot;335559737&quot;:0,&quot;335559738&quot;:100,&quot;335559739&quot;:100,&quot;335559740&quot;:240}\">\u00a0<\/span><\/p>\n<p><span data-contrast=\"none\">\u00a0Wichtige Mineralien und Spurenelemente gleichen Mangelerscheinungen aus<\/span><span data-ccp-props=\"{&quot;134233117&quot;:false,&quot;134233118&quot;:false,&quot;201341983&quot;:0,&quot;335551550&quot;:1,&quot;335551620&quot;:1,&quot;335559737&quot;:0,&quot;335559738&quot;:100,&quot;335559739&quot;:100,&quot;335559740&quot;:240}\">\u00a0<\/span><\/p>\n<p><span data-contrast=\"none\">\u00a0Ideale Erg\u00e4nzung w\u00e4hrend der Aufzucht und Mauser\u00a0<\/span><span data-ccp-props=\"{&quot;134233117&quot;:false,&quot;134233118&quot;:false,&quot;201341983&quot;:0,&quot;335551550&quot;:1,&quot;335551620&quot;:1,&quot;335559737&quot;:0,&quot;335559738&quot;:100,&quot;335559739&quot;:100,&quot;335559740&quot;:240}\">\u00a0<\/span><\/p>\n<p><span data-contrast=\"none\">\u00a0F\u00fcr H\u00fchner, Enten, G\u00e4nse, Wachteln und anderes Gefl\u00fcgel\u00a0<\/span><span data-ccp-props=\"{&quot;134233117&quot;:false,&quot;134233118&quot;:false,&quot;201341983&quot;:0,&quot;335551550&quot;:1,&quot;335551620&quot;:1,&quot;335559737&quot;:0,&quot;335559738&quot;:100,&quot;335559739&quot;:100,&quot;335559740&quot;:240}\">\u00a0<\/span><\/p>\n<\/div>\n<p>[\/et_pb_text][\/et_pb_column][et_pb_column type=&#8220;1_2&#8243; _builder_version=&#8220;4.19.4&#8243; _module_preset=&#8220;default&#8220; global_colors_info=&#8220;{}&#8220;][\/et_pb_column][\/et_pb_row][et_pb_row _builder_version=&#8220;4.19.4&#8243; _module_preset=&#8220;default&#8220; global_colors_info=&#8220;{}&#8220;][et_pb_column type=&#8220;4_4&#8243; _builder_version=&#8220;4.19.4&#8243; _module_preset=&#8220;default&#8220; global_colors_info=&#8220;{}&#8220;][et_pb_text _builder_version=&#8220;4.19.4&#8243; _module_preset=&#8220;default&#8220; global_colors_info=&#8220;{}&#8220;]<\/p>\n<p style=\"text-align: center;\">Nur solange der Vorrat reicht.<\/p>\n<p>[\/et_pb_text][\/et_pb_column][\/et_pb_row][\/et_pb_section]<\/p>\n","protected":false},"excerpt":{"rendered":"<p>Erg\u00e4nzungsfutterAlle Produkte der Firma Mifuma auf Anfrage erh\u00e4ltlich.Bei Paletten Abnahme Lieferung Frei Haus in unserem Liefergebiet nach Absprache m\u00f6glich.Vitamin ADEC 100ml, 250ml und 1000ml Zur zus\u00e4tzlichen Vitaminversorgung mit den Vitaminen ADEC f\u00fcr H\u00fchner und Tauben Vitamin ADEC f\u00fcr die kurzfristige zus\u00e4tzliche Vitaminversorgung zur Vorbereitung der Zucht, w\u00e4hrend der Jungtieraufzucht, sowie w\u00e4hrend der ung\u00fcnstigen Jahreszeiten Durchschnittlicher [&hellip;]<\/p>\n","protected":false},"author":1,"featured_media":0,"parent":0,"menu_order":0,"comment_status":"closed","ping_status":"closed","template":"","meta":{"_et_pb_use_builder":"on","_et_pb_old_content":"","_et_gb_content_width":"","footnotes":""},"class_list":["post-646","page","type-page","status-publish","hentry"],"_links":{"self":[{"href":"https:\/\/gefluegel-zagler.de\/index.php?rest_route=\/wp\/v2\/pages\/646","targetHints":{"allow":["GET"]}}],"collection":[{"href":"https:\/\/gefluegel-zagler.de\/index.php?rest_route=\/wp\/v2\/pages"}],"about":[{"href":"https:\/\/gefluegel-zagler.de\/index.php?rest_route=\/wp\/v2\/types\/page"}],"author":[{"embeddable":true,"href":"https:\/\/gefluegel-zagler.de\/index.php?rest_route=\/wp\/v2\/users\/1"}],"replies":[{"embeddable":true,"href":"https:\/\/gefluegel-zagler.de\/index.php?rest_route=%2Fwp%2Fv2%2Fcomments&post=646"}],"version-history":[{"count":3,"href":"https:\/\/gefluegel-zagler.de\/index.php?rest_route=\/wp\/v2\/pages\/646\/revisions"}],"predecessor-version":[{"id":695,"href":"https:\/\/gefluegel-zagler.de\/index.php?rest_route=\/wp\/v2\/pages\/646\/revisions\/695"}],"wp:attachment":[{"href":"https:\/\/gefluegel-zagler.de\/index.php?rest_route=%2Fwp%2Fv2%2Fmedia&parent=646"}],"curies":[{"name":"wp","href":"https:\/\/api.w.org\/{rel}","templated":true}]}}