{"id":734,"date":"2024-02-16T19:48:53","date_gmt":"2024-02-16T19:48:53","guid":{"rendered":"https:\/\/gefluegel-zagler.de\/?page_id=734"},"modified":"2024-02-16T19:49:00","modified_gmt":"2024-02-16T19:49:00","slug":"infoblatt","status":"publish","type":"page","link":"https:\/\/gefluegel-zagler.de\/?page_id=734","title":{"rendered":"Infoblatt"},"content":{"rendered":"<p>[et_pb_section fb_built=&#8220;1&#8243; theme_builder_area=&#8220;post_content&#8220; _builder_version=&#8220;4.19.4&#8243; _module_preset=&#8220;default&#8220;][et_pb_row _builder_version=&#8220;4.19.4&#8243; _module_preset=&#8220;default&#8220; theme_builder_area=&#8220;post_content&#8220;][et_pb_column _builder_version=&#8220;4.19.4&#8243; _module_preset=&#8220;default&#8220; type=&#8220;4_4&#8243; theme_builder_area=&#8220;post_content&#8220;][et_pb_text _builder_version=&#8220;4.19.4&#8243; _module_preset=&#8220;default&#8220; theme_builder_area=&#8220;post_content&#8220; hover_enabled=&#8220;0&#8243; sticky_enabled=&#8220;0&#8243;]<\/p>\n<h2 style=\"text-align: center;\"><strong>Information an alle Gefl\u00fcgelhalter in Deutschland<\/strong><\/h2>\n<p>[\/et_pb_text][et_pb_text _builder_version=&#8220;4.19.4&#8243; _module_preset=&#8220;default&#8220; theme_builder_area=&#8220;post_content&#8220; hover_enabled=&#8220;0&#8243; sticky_enabled=&#8220;0&#8243;]<\/p>\n<p>&nbsp;<\/p>\n<ol>\n<li><strong><u> Betriebsnummer <br \/><\/u><\/strong>\u00a0\u00a0\u00a0\u00a0 Jeder Gefl\u00fcgelhalter in Deutschland ist verpflichtet eine Betriebsnummer zu besitzen. Zust\u00e4ndig daf\u00fcr ist das:<br \/>\u00a0\u00a0\u00a0 Amt f\u00fcr Ern\u00e4hrung, Landwirtschaft und Forsten<br \/>\u00a0\u00a0\u00a0 <em>(<\/em>Die Anmeldung ist auch online m\u00f6glich.)<\/li>\n<\/ol>\n<ol start=\"2\">\n<li><strong><u> Tierseuchenkasse<br \/><\/u><\/strong>\u00a0\u00a0\u00a0\u00a0 Mit dieser Betriebsnummer m\u00fcssen die Tiere bei der Tierseuchenkasse <em>(www.btsk.de)<\/em> gemeldet werden. Die Bayerische<br \/>\u00a0\u00a0\u00a0\u00a0 Tierseuchenkasse ist eine staatliche Einrichtung zur Tierseuchenbek\u00e4mpfung. Sie leistet Entsch\u00e4digungen und Beihilfen bei\u00a0 <br \/>\u00a0\u00a0\u00a0\u00a0 Tierverlusten durch anzeigepflichtige Tierseuchen, unterst\u00fctzt Ma\u00dfnahmen zur Bek\u00e4mpfung \u00fcbertragbarer Tierkrankheiten und <br \/>\u00a0\u00a0\u00a0\u00a0 f\u00f6rdert die Vorsorge zur Gesunderhaltung von Tierbest\u00e4nden.<\/li>\n<\/ol>\n<ol start=\"3\">\n<li><strong><u> Veterin\u00e4ramt<br \/><\/u><\/strong>\u00a0\u00a0\u00a0 Mit derselben Betriebsnummer k\u00f6nnen die Tiere auch beim zust\u00e4ndigen Veterin\u00e4ramt gemeldet werden.<\/li>\n<\/ol>\n<ol start=\"4\">\n<li><strong><u> Impfpflicht<br \/><\/u><\/strong>\u00a0\u00a0\u00a0\u00a0 Es ist Pflicht, das Gefl\u00fcgel gem\u00e4\u00df der Gefl\u00fcgelpestverordnung gegen die Newcastle Krankheit (A-typische Gefl\u00fcgelpest) nach zu<br \/>\u00a0\u00a0\u00a0\u00a0 impfen.<\/li>\n<\/ol>\n<ol start=\"5\">\n<li><strong><u> Impfm\u00f6glichkeit<br \/><\/u><\/strong>\u00a0\u00a0\u00a0\u00a0 Da der Impfstoff nur f\u00fcr Tiergruppen ab 1000 Tiere erh\u00e4ltlich ist, arbeiten wir mit dem Tierarzt Dr. Werner Heering zusammen. Herr\u00a0 <br \/>\u00a0\u00a0\u00a0\u00a0 Heering erm\u00f6glicht die Impfung auch f\u00fcr kleinere Gruppen.<\/li>\n<\/ol>\n<p style=\"text-align: center;\">Aktuelle Termine hierf\u00fcr und weitere Informationen zur Impfung so wie eine genaue Anleitung erhalten sie unter: <br \/><a href=\"http:\/\/www.gefluegel-zagler.de\">www.gefluegel-zagler.de<\/a><\/p>\n<p>&nbsp;<\/p>\n<p style=\"text-align: center;\"><strong>Bei weiteren Fragen auch zur Haltung und F\u00fctterung ihres Gefl\u00fcgels stehen wir ihnen gerne\u00a0 Telefonisch zur Verf\u00fcgung<\/strong>.<\/p>\n<p style=\"text-align: center;\">\u00a0<span><strong>Fam. Zagler<br \/><\/strong><\/span><span><strong><\/strong><\/span><span><strong>0176\/81357037<\/strong><\/span><\/p>\n<p>[\/et_pb_text][\/et_pb_column][\/et_pb_row][\/et_pb_section]<\/p>\n","protected":false},"excerpt":{"rendered":"<p>Information an alle Gefl\u00fcgelhalter in Deutschland&nbsp; Betriebsnummer \u00a0\u00a0\u00a0\u00a0 Jeder Gefl\u00fcgelhalter in Deutschland ist verpflichtet eine Betriebsnummer zu besitzen. Zust\u00e4ndig daf\u00fcr ist das:\u00a0\u00a0\u00a0 Amt f\u00fcr Ern\u00e4hrung, Landwirtschaft und Forsten\u00a0\u00a0\u00a0 (Die Anmeldung ist auch online m\u00f6glich.) Tierseuchenkasse\u00a0\u00a0\u00a0\u00a0 Mit dieser Betriebsnummer m\u00fcssen die Tiere bei der Tierseuchenkasse (www.btsk.de) gemeldet werden. Die Bayerische\u00a0\u00a0\u00a0\u00a0 Tierseuchenkasse ist eine staatliche Einrichtung zur [&hellip;]<\/p>\n","protected":false},"author":1,"featured_media":0,"parent":0,"menu_order":0,"comment_status":"closed","ping_status":"closed","template":"","meta":{"_et_pb_use_builder":"on","_et_pb_old_content":"","_et_gb_content_width":"","footnotes":""},"class_list":["post-734","page","type-page","status-publish","hentry"],"_links":{"self":[{"href":"https:\/\/gefluegel-zagler.de\/index.php?rest_route=\/wp\/v2\/pages\/734","targetHints":{"allow":["GET"]}}],"collection":[{"href":"https:\/\/gefluegel-zagler.de\/index.php?rest_route=\/wp\/v2\/pages"}],"about":[{"href":"https:\/\/gefluegel-zagler.de\/index.php?rest_route=\/wp\/v2\/types\/page"}],"author":[{"embeddable":true,"href":"https:\/\/gefluegel-zagler.de\/index.php?rest_route=\/wp\/v2\/users\/1"}],"replies":[{"embeddable":true,"href":"https:\/\/gefluegel-zagler.de\/index.php?rest_route=%2Fwp%2Fv2%2Fcomments&post=734"}],"version-history":[{"count":2,"href":"https:\/\/gefluegel-zagler.de\/index.php?rest_route=\/wp\/v2\/pages\/734\/revisions"}],"predecessor-version":[{"id":737,"href":"https:\/\/gefluegel-zagler.de\/index.php?rest_route=\/wp\/v2\/pages\/734\/revisions\/737"}],"wp:attachment":[{"href":"https:\/\/gefluegel-zagler.de\/index.php?rest_route=%2Fwp%2Fv2%2Fmedia&parent=734"}],"curies":[{"name":"wp","href":"https:\/\/api.w.org\/{rel}","templated":true}]}}