{"id":818,"date":"2025-01-29T09:44:49","date_gmt":"2025-01-29T09:44:49","guid":{"rendered":"https:\/\/gefluegel-zagler.de\/?page_id=818"},"modified":"2026-03-10T21:55:23","modified_gmt":"2026-03-10T21:55:23","slug":"gefluegelfutter","status":"publish","type":"page","link":"https:\/\/gefluegel-zagler.de\/?page_id=818","title":{"rendered":"Gefl\u00fcgelfutter"},"content":{"rendered":"<p>[et_pb_section fb_built=&#8220;1&#8243; _builder_version=&#8220;4.19.4&#8243; _module_preset=&#8220;default&#8220; global_colors_info=&#8220;{}&#8220;][et_pb_row _builder_version=&#8220;4.19.4&#8243; _module_preset=&#8220;default&#8220; global_colors_info=&#8220;{}&#8220;][et_pb_column type=&#8220;4_4&#8243; _builder_version=&#8220;4.19.4&#8243; _module_preset=&#8220;default&#8220; global_colors_info=&#8220;{}&#8220;][et_pb_text _builder_version=&#8220;4.19.4&#8243; _module_preset=&#8220;default&#8220; global_colors_info=&#8220;{}&#8220;]<\/p>\n<p><span style=\"font-size: xx-large;\">Gefl\u00fcgelfutter<\/span><\/p>\n<p>Bei Paletten Abnahme Lieferung frei Haus in unserem Liefergebiet nach Absprache m\u00f6glich.<br \/>Alle unter Futtermittel Zagler aufgef\u00fchrten Produkte k\u00f6nnen auch gemischt angeliefert werden.<\/p>\n<p>[\/et_pb_text][\/et_pb_column][\/et_pb_row][et_pb_row column_structure=&#8220;1_3,1_3,1_3&#8243; _builder_version=&#8220;4.19.4&#8243; _module_preset=&#8220;default&#8220; width=&#8220;90.5%&#8220; global_colors_info=&#8220;{}&#8220;][et_pb_column type=&#8220;1_3&#8243; _builder_version=&#8220;4.19.4&#8243; _module_preset=&#8220;default&#8220; global_colors_info=&#8220;{}&#8220;][et_pb_image src=&#8220;https:\/\/gefluegel-zagler.de\/wp-content\/uploads\/2025\/01\/Legehennen-Alleinfutter-mehlig-2.jpg&#8220; title_text=&#8220;Legehennen Alleinfutter mehlig&#8220; _builder_version=&#8220;4.27.5&#8243; _module_preset=&#8220;default&#8220; min_height=&#8220;100px&#8220; hover_enabled=&#8220;0&#8243; global_colors_info=&#8220;{}&#8220; height=&#8220;252px&#8220; force_fullwidth=&#8220;off&#8220; sticky_enabled=&#8220;0&#8243; min_height_last_edited=&#8220;on|tablet&#8220; module_alignment=&#8220;center&#8220; align=&#8220;center&#8220; width=&#8220;100%&#8220; max_width=&#8220;100%&#8220; height_last_edited=&#8220;on|phone&#8220; min_height_tablet=&#8220;100px&#8220; min_height_phone=&#8220;100px&#8220; height_tablet=&#8220;252px&#8220; height_phone=&#8220;252px&#8220;][\/et_pb_image][et_pb_text _builder_version=&#8220;4.19.4&#8243; _module_preset=&#8220;default&#8220; global_colors_info=&#8220;{}&#8220;]<\/p>\n<p><strong>Legehennen Alleinfutter &#8222;mehlig&#8220;<br \/><\/strong>Alleinfuttermittel f\u00fcr Legehennen<\/p>\n<p><strong><u>Gehalte an Inhaltsstoffen:<\/u><\/strong><\/p>\n<p>Rohprotein 17,00 %<br \/>Phosphor 0,51 %<br \/>Rohfett 5,30 %<br \/>Natrium 0,14 %<br \/>Rohfaser 3,24 %<br \/>Lysin 0,88 %<br \/>Rohasche 13,88 %<br \/>ME\/kg 11,00MJ<br \/>Calcium 4,34 %<br \/>Methionin 0,42 %<\/p>\n<p><strong><u><\/u><\/strong><\/p>\n<p>Verpackungseinheit:<\/p>\n<p>25 kg Sack<br \/>Big Bag<br \/>Lose<\/p>\n<p>&nbsp;<\/p>\n<p>[\/et_pb_text][\/et_pb_column][et_pb_column type=&#8220;1_3&#8243; _builder_version=&#8220;4.19.4&#8243; _module_preset=&#8220;default&#8220; global_colors_info=&#8220;{}&#8220;][et_pb_image src=&#8220;https:\/\/gefluegel-zagler.de\/wp-content\/uploads\/2025\/01\/Legehennen-Alleinfutter-grob-neu.jpg&#8220; title_text=&#8220;Legehennen Alleinfutter grob neu&#8220; _builder_version=&#8220;4.27.5&#8243; _module_preset=&#8220;default&#8220; min_height=&#8220;240.4px&#8220; hover_enabled=&#8220;0&#8243; global_colors_info=&#8220;{}&#8220; force_fullwidth=&#8220;off&#8220; height=&#8220;257px&#8220; sticky_enabled=&#8220;0&#8243;][\/et_pb_image][et_pb_text _builder_version=&#8220;4.19.4&#8243; _module_preset=&#8220;default&#8220; width=&#8220;100%&#8220; global_colors_info=&#8220;{}&#8220;]<\/p>\n<p><strong>Legehennen Alleinfutter<\/strong> <strong>&#8222;grob&#8220;<br \/><\/strong>Alleinfuttermittel f\u00fcr Legehennen<br \/>(Zagler &#8211; Spezial)<\/p>\n<p>\u00a0<strong><u>Gehalte an Inhaltsstoffen:<\/u><\/strong><\/p>\n<p>Rohprotein 17,00 %<br \/>Phosphor 0,51 %<br \/>Rohfett 5,30 %<br \/>Natrium 0,14 %<br \/>Rohfaser 3,24 %<br \/>Lysin 0,88 %<br \/>Rohasche 13,88 %<br \/>E\/kg 11,00MJ<br \/>Calcium 4,34 %<br \/>Methionin 0,42 %<\/p>\n<p>Verpackungseinheit:<\/p>\n<p>25 kg Sack<br \/>Big Bag<br \/>Lose<\/p>\n<p>[\/et_pb_text][\/et_pb_column][et_pb_column type=&#8220;1_3&#8243; _builder_version=&#8220;4.19.4&#8243; _module_preset=&#8220;default&#8220; global_colors_info=&#8220;{}&#8220;][et_pb_image src=&#8220;https:\/\/gefluegel-zagler.de\/wp-content\/uploads\/2025\/01\/Legehennen-Alleinfutter-gepresst-rotated.jpg&#8220; title_text=&#8220;Legehennen Alleinfutter gepresst&#8220; _builder_version=&#8220;4.27.5&#8243; _module_preset=&#8220;default&#8220; min_height=&#8220;240.4px&#8220; hover_enabled=&#8220;0&#8243; global_colors_info=&#8220;{}&#8220; height=&#8220;257px&#8220; force_fullwidth=&#8220;off&#8220; sticky_enabled=&#8220;0&#8243;][\/et_pb_image][et_pb_text _builder_version=&#8220;4.19.4&#8243; _module_preset=&#8220;default&#8220; width=&#8220;100%&#8220; global_colors_info=&#8220;{}&#8220;]<\/p>\n<p><strong>Legehennen Alleinfutter<\/strong> <strong>&#8222;gepresst&#8220;<br \/><\/strong>Alleinfuttermittel f\u00fcr Legehennen<\/p>\n<p>\u00a0<strong><u>Gehalte an Inhaltsstoffen:<\/u><\/strong><\/p>\n<p>Rohprotein 17,00 %<br \/>Phosphor 0,51 %<br \/>Rohfett 5,30 %<br \/>Natrium 0,14 %<br \/>Rohfaser 3,24 %<br \/>Lysin 0,88 %<br \/>Rohasche 13,88 %<br \/>E\/kg 11,00MJ<br \/>Calcium 4,34 %<br \/>Methionin 0,42 %<\/p>\n<p>&nbsp;<\/p>\n<p>Verpackungseinheit:<\/p>\n<p>25 kg Sack<br \/>Big Bag<br \/>Lose<\/p>\n<p>[\/et_pb_text][\/et_pb_column][\/et_pb_row][\/et_pb_section]<\/p>\n","protected":false},"excerpt":{"rendered":"<p>Gefl\u00fcgelfutter Bei Paletten Abnahme Lieferung frei Haus in unserem Liefergebiet nach Absprache m\u00f6glich.Alle unter Futtermittel Zagler aufgef\u00fchrten Produkte k\u00f6nnen auch gemischt angeliefert werden.Legehennen Alleinfutter &#8222;mehlig&#8220;Alleinfuttermittel f\u00fcr Legehennen Gehalte an Inhaltsstoffen: Rohprotein 17,00 %Phosphor 0,51 %Rohfett 5,30 %Natrium 0,14 %Rohfaser 3,24 %Lysin 0,88 %Rohasche 13,88 %ME\/kg 11,00MJCalcium 4,34 %Methionin 0,42 % Verpackungseinheit: 25 kg SackBig BagLose [&hellip;]<\/p>\n","protected":false},"author":1,"featured_media":0,"parent":0,"menu_order":0,"comment_status":"closed","ping_status":"closed","template":"","meta":{"_et_pb_use_builder":"on","_et_pb_old_content":"","_et_gb_content_width":"","footnotes":""},"class_list":["post-818","page","type-page","status-publish","hentry"],"_links":{"self":[{"href":"https:\/\/gefluegel-zagler.de\/index.php?rest_route=\/wp\/v2\/pages\/818","targetHints":{"allow":["GET"]}}],"collection":[{"href":"https:\/\/gefluegel-zagler.de\/index.php?rest_route=\/wp\/v2\/pages"}],"about":[{"href":"https:\/\/gefluegel-zagler.de\/index.php?rest_route=\/wp\/v2\/types\/page"}],"author":[{"embeddable":true,"href":"https:\/\/gefluegel-zagler.de\/index.php?rest_route=\/wp\/v2\/users\/1"}],"replies":[{"embeddable":true,"href":"https:\/\/gefluegel-zagler.de\/index.php?rest_route=%2Fwp%2Fv2%2Fcomments&post=818"}],"version-history":[{"count":17,"href":"https:\/\/gefluegel-zagler.de\/index.php?rest_route=\/wp\/v2\/pages\/818\/revisions"}],"predecessor-version":[{"id":1061,"href":"https:\/\/gefluegel-zagler.de\/index.php?rest_route=\/wp\/v2\/pages\/818\/revisions\/1061"}],"wp:attachment":[{"href":"https:\/\/gefluegel-zagler.de\/index.php?rest_route=%2Fwp%2Fv2%2Fmedia&parent=818"}],"curies":[{"name":"wp","href":"https:\/\/api.w.org\/{rel}","templated":true}]}}